{"id":2486,"date":"2015-10-05T13:22:25","date_gmt":"2015-10-05T13:22:25","guid":{"rendered":"https:\/\/visit7wonders.com\/?page_id=8"},"modified":"2025-11-05T21:09:44","modified_gmt":"2025-11-06T00:09:44","slug":"amazon-3","status":"publish","type":"page","link":"https:\/\/visit7wonders.com\/es\/amazon-3\/","title":{"rendered":"Amazonas"},"content":{"rendered":"<div style=\"display: flex; gap: 0px; padding: 20px; align-items: center\" class=\"page-custom-container\">\n<div style=\"flex: 0 0 159px; text-align:center\" class=\"left-column\">\n        <img decoding=\"async\" src=\"https:\/\/visit7wonders.com\/wp-content\/uploads\/2021\/03\/Sello-Amazonas-159x300.png\" alt=\"Visit7Wonders\">\n    <\/div>\n<div style=\"flex: 1;\" class=\"right-column\">\n<p style=\"font-weight: bold; font-size: 20px; line-height:1.5;\">Iquitos es la ciudad m\u00e1s importante en el Amazonas peruano, al igual que el puerto principal de entrada a la regi\u00f3n. Iquitos es tambi\u00e9n el punto de partida hacia otros destinos incre\u00edbles que se esconden en la jungla y, para poder verlos, tendr\u00e1s que navegar por el r\u00edo Amazonas con los ojos bien abiertos para experimentar todo lo que te rodea.<br \/>\nPor otro lado, tambi\u00e9n puedes optar por quedarte en la ciudad y conocer a los lugare\u00f1os, disfrutar de recetas tradicionales como as\u00ed tambi\u00e9n de la m\u00fasica \u00e9tnica y la vida nocturna.<\/p>\n<\/p><\/div>\n<\/div>\n<div id=\"metaslider-id-3031\" style=\"width: 100%; margin: 0 auto;\" class=\"ml-slider-3-108-0 metaslider metaslider-flex metaslider-3031 ml-slider ms-theme-default nav-hidden\" role=\"region\" aria-label=\"Amazon\" data-height=\"300\" data-width=\"700\">\n    <div id=\"metaslider_container_3031\">\n        <div id=\"metaslider_3031\">\n            <ul class='slides'>\n                <li style=\"display: block; width: 100%;\" class=\"slide-3034 ms-image \" aria-roledescription=\"slide\" data-date=\"2020-03-06 18:05:00\" data-filename=\"amazonas32.jpg\" data-slide-type=\"image\"><img fetchpriority=\"high\" decoding=\"async\" width=\"1004\" height=\"565\" src=\"https:\/\/visit7wonders.com\/wp-content\/uploads\/2019\/07\/amazonas32.jpg\" class=\"slider-3031 slide-3034 msDefaultImage\" alt=\"\" rel=\"\" title=\"amazonas32\" srcset=\"https:\/\/visit7wonders.com\/wp-content\/uploads\/2019\/07\/amazonas32.jpg 1004w, https:\/\/visit7wonders.com\/wp-content\/uploads\/2019\/07\/amazonas32-300x169.jpg 300w, https:\/\/visit7wonders.com\/wp-content\/uploads\/2019\/07\/amazonas32-768x432.jpg 768w, https:\/\/visit7wonders.com\/wp-content\/uploads\/2019\/07\/amazonas32-24x14.jpg 24w, https:\/\/visit7wonders.com\/wp-content\/uploads\/2019\/07\/amazonas32-36x20.jpg 36w, https:\/\/visit7wonders.com\/wp-content\/uploads\/2019\/07\/amazonas32-48x27.jpg 48w\" sizes=\"(max-width: 1004px) 100vw, 1004px\" \/><\/li>\n                <li style=\"display: none; width: 100%;\" class=\"slide-3035 ms-image \" aria-roledescription=\"slide\" data-date=\"2020-03-06 18:05:23\" data-filename=\"amazon-1.jpeg\" data-slide-type=\"image\"><img decoding=\"async\" width=\"1880\" height=\"1053\" src=\"https:\/\/visit7wonders.com\/wp-content\/uploads\/2019\/08\/amazon-1.jpeg\" class=\"slider-3031 slide-3035 msDefaultImage\" alt=\"\" rel=\"\" title=\"amazon\" srcset=\"https:\/\/visit7wonders.com\/wp-content\/uploads\/2019\/08\/amazon-1.jpeg 1880w, https:\/\/visit7wonders.com\/wp-content\/uploads\/2019\/08\/amazon-1-300x168.jpeg 300w, https:\/\/visit7wonders.com\/wp-content\/uploads\/2019\/08\/amazon-1-1024x574.jpeg 1024w, https:\/\/visit7wonders.com\/wp-content\/uploads\/2019\/08\/amazon-1-768x430.jpeg 768w, https:\/\/visit7wonders.com\/wp-content\/uploads\/2019\/08\/amazon-1-1536x860.jpeg 1536w, https:\/\/visit7wonders.com\/wp-content\/uploads\/2019\/08\/amazon-1-24x13.jpeg 24w, https:\/\/visit7wonders.com\/wp-content\/uploads\/2019\/08\/amazon-1-36x20.jpeg 36w, https:\/\/visit7wonders.com\/wp-content\/uploads\/2019\/08\/amazon-1-48x27.jpeg 48w\" sizes=\"(max-width: 1880px) 100vw, 1880px\" \/><\/li>\n                <li style=\"display: none; width: 100%;\" class=\"slide-3033 ms-image \" aria-roledescription=\"slide\" data-date=\"2020-03-06 18:04:29\" data-filename=\"amazonas.jpg\" data-slide-type=\"image\"><img decoding=\"async\" width=\"700\" height=\"300\" src=\"https:\/\/visit7wonders.com\/wp-content\/uploads\/2015\/10\/amazonas.jpg\" class=\"slider-3031 slide-3033 msDefaultImage\" alt=\"\" rel=\"\" title=\"amazonas\" srcset=\"https:\/\/visit7wonders.com\/wp-content\/uploads\/2015\/10\/amazonas.jpg 700w, https:\/\/visit7wonders.com\/wp-content\/uploads\/2015\/10\/amazonas-300x129.jpg 300w, https:\/\/visit7wonders.com\/wp-content\/uploads\/2015\/10\/amazonas-24x10.jpg 24w, https:\/\/visit7wonders.com\/wp-content\/uploads\/2015\/10\/amazonas-36x15.jpg 36w, https:\/\/visit7wonders.com\/wp-content\/uploads\/2015\/10\/amazonas-48x21.jpg 48w\" sizes=\"(max-width: 700px) 100vw, 700px\" \/><\/li>\n            <\/ul>\n        <\/div>\n        \n    <\/div>\n<\/div>\n","protected":false},"excerpt":{"rendered":"<p>IQUITOS, es la ciudad m\u00e1s importante en el Amazonas peruano, al igual que el puerto principal de entrada a la regi\u00f3n.<\/p>\n","protected":false},"author":3,"featured_media":3950,"parent":0,"menu_order":0,"comment_status":"closed","ping_status":"closed","template":"","meta":{"footnotes":""},"class_list":["post-2486","page","type-page","status-publish","has-post-thumbnail","hentry"],"_links":{"self":[{"href":"https:\/\/visit7wonders.com\/es\/wp-json\/wp\/v2\/pages\/2486","targetHints":{"allow":["GET"]}}],"collection":[{"href":"https:\/\/visit7wonders.com\/es\/wp-json\/wp\/v2\/pages"}],"about":[{"href":"https:\/\/visit7wonders.com\/es\/wp-json\/wp\/v2\/types\/page"}],"author":[{"embeddable":true,"href":"https:\/\/visit7wonders.com\/es\/wp-json\/wp\/v2\/users\/3"}],"replies":[{"embeddable":true,"href":"https:\/\/visit7wonders.com\/es\/wp-json\/wp\/v2\/comments?post=2486"}],"version-history":[{"count":50,"href":"https:\/\/visit7wonders.com\/es\/wp-json\/wp\/v2\/pages\/2486\/revisions"}],"predecessor-version":[{"id":10240,"href":"https:\/\/visit7wonders.com\/es\/wp-json\/wp\/v2\/pages\/2486\/revisions\/10240"}],"wp:featuredmedia":[{"embeddable":true,"href":"https:\/\/visit7wonders.com\/es\/wp-json\/wp\/v2\/media\/3950"}],"wp:attachment":[{"href":"https:\/\/visit7wonders.com\/es\/wp-json\/wp\/v2\/media?parent=2486"}],"curies":[{"name":"wp","href":"https:\/\/api.w.org\/{rel}","templated":true}]}}