{"id":2499,"date":"2015-10-05T13:54:50","date_gmt":"2015-10-05T16:54:50","guid":{"rendered":"https:\/\/visit7wonders.com\/?page_id=46"},"modified":"2025-11-05T22:00:29","modified_gmt":"2025-11-06T01:00:29","slug":"christ-redeemer","status":"publish","type":"page","link":"https:\/\/visit7wonders.com\/es\/christ-redeemer\/","title":{"rendered":"Cristo Redentor"},"content":{"rendered":"<div style=\"display: flex; gap: 0px; padding: 20px; align-items: center\" class=\"page-custom-container\">\n<div style=\"flex: 0 0 159px; text-align:center\" class=\"left-column\">\n        <img decoding=\"async\" src=\"https:\/\/visit7wonders.com\/wp-content\/uploads\/2021\/04\/Sello-CristoRedentor-159x300.png\">\n    <\/div>\n<div style=\"flex: 1;\" class=\"right-column\">\n<p style=\"font-weight: bold; font-size: 20px; line-height:1.5;\">Esta estatua de Jes\u00fas se encuentra a 38 metros de altura, en la cumbre de la monta\u00f1a del Corcovado mirando hacia R\u00edo de Janeiro. Dise\u00f1ado por el brasilero Heitor da Silva Costa y creado por el escultor franc\u00e9s Paul Landowski, es uno de los monumentos m\u00e1s grandes del mundo. La construcci\u00f3n de la estatua tuvo 5 a\u00f1os de duraci\u00f3n y se inaugur\u00f3 el 12 de octubre de 1931. A partir de entonces se convirti\u00f3 en un s\u00edmbolo de la ciudad y de la calidez de los brasileros, que reciben a sus visitantes con los brazos abiertos.\n<\/p>\n<\/p><\/div>\n<\/div>\n<div id=\"metaslider-id-3122\" style=\"width: 100%; margin: 0 auto;\" class=\"ml-slider-3-108-0 metaslider metaslider-flex metaslider-3122 ml-slider ms-theme-default nav-hidden\" role=\"region\" aria-label=\"Cristo Redenetor\" data-height=\"300\" data-width=\"700\">\n    <div id=\"metaslider_container_3122\">\n        <div id=\"metaslider_3122\">\n            <ul class='slides'>\n                <li style=\"display: block; width: 100%;\" class=\"slide-3123 ms-image \" aria-roledescription=\"slide\" data-date=\"2020-03-06 19:37:39\" data-filename=\"Wonder_0008_Cristo-700x300-1.jpg\" data-slide-type=\"image\"><img fetchpriority=\"high\" decoding=\"async\" width=\"700\" height=\"300\" src=\"https:\/\/visit7wonders.com\/wp-content\/uploads\/2015\/10\/Wonder_0008_Cristo-700x300-1.jpg\" class=\"slider-3122 slide-3123 msDefaultImage\" alt=\"\" rel=\"\" title=\"Wonder_0008_Cristo-700x300\" srcset=\"https:\/\/visit7wonders.com\/wp-content\/uploads\/2015\/10\/Wonder_0008_Cristo-700x300-1.jpg 700w, https:\/\/visit7wonders.com\/wp-content\/uploads\/2015\/10\/Wonder_0008_Cristo-700x300-1-300x129.jpg 300w, https:\/\/visit7wonders.com\/wp-content\/uploads\/2015\/10\/Wonder_0008_Cristo-700x300-1-24x10.jpg 24w, https:\/\/visit7wonders.com\/wp-content\/uploads\/2015\/10\/Wonder_0008_Cristo-700x300-1-36x15.jpg 36w, https:\/\/visit7wonders.com\/wp-content\/uploads\/2015\/10\/Wonder_0008_Cristo-700x300-1-48x21.jpg 48w\" sizes=\"(max-width: 700px) 100vw, 700px\" \/><\/li>\n                <li style=\"display: none; width: 100%;\" class=\"slide-3124 ms-image \" aria-roledescription=\"slide\" data-date=\"2020-03-06 19:38:08\" data-filename=\"cristo_redentor_rio_de_janeiro21.jpg\" data-slide-type=\"image\"><img decoding=\"async\" width=\"1024\" height=\"534\" src=\"https:\/\/visit7wonders.com\/wp-content\/uploads\/2015\/10\/cristo_redentor_rio_de_janeiro21.jpg\" class=\"slider-3122 slide-3124 msDefaultImage\" alt=\"\" rel=\"\" title=\"cristo_redentor_rio_de_janeiro2\" srcset=\"https:\/\/visit7wonders.com\/wp-content\/uploads\/2015\/10\/cristo_redentor_rio_de_janeiro21.jpg 1024w, https:\/\/visit7wonders.com\/wp-content\/uploads\/2015\/10\/cristo_redentor_rio_de_janeiro21-300x156.jpg 300w, https:\/\/visit7wonders.com\/wp-content\/uploads\/2015\/10\/cristo_redentor_rio_de_janeiro21-768x401.jpg 768w, https:\/\/visit7wonders.com\/wp-content\/uploads\/2015\/10\/cristo_redentor_rio_de_janeiro21-24x13.jpg 24w, https:\/\/visit7wonders.com\/wp-content\/uploads\/2015\/10\/cristo_redentor_rio_de_janeiro21-36x19.jpg 36w, https:\/\/visit7wonders.com\/wp-content\/uploads\/2015\/10\/cristo_redentor_rio_de_janeiro21-48x25.jpg 48w\" sizes=\"(max-width: 1024px) 100vw, 1024px\" \/><\/li>\n            <\/ul>\n        <\/div>\n        \n    <\/div>\n<\/div>\n","protected":false},"excerpt":{"rendered":"<p>Esta estatua de Jes\u00fas se encuentra a 38 metros de altura, en la cumbre de la monta\u00f1a del Corcovado mirando hacia R\u00edo de Janeiro. Dise\u00f1ado&hellip;<\/p>\n","protected":false},"author":3,"featured_media":4077,"parent":0,"menu_order":0,"comment_status":"closed","ping_status":"closed","template":"","meta":{"footnotes":""},"class_list":["post-2499","page","type-page","status-publish","has-post-thumbnail","hentry"],"_links":{"self":[{"href":"https:\/\/visit7wonders.com\/es\/wp-json\/wp\/v2\/pages\/2499","targetHints":{"allow":["GET"]}}],"collection":[{"href":"https:\/\/visit7wonders.com\/es\/wp-json\/wp\/v2\/pages"}],"about":[{"href":"https:\/\/visit7wonders.com\/es\/wp-json\/wp\/v2\/types\/page"}],"author":[{"embeddable":true,"href":"https:\/\/visit7wonders.com\/es\/wp-json\/wp\/v2\/users\/3"}],"replies":[{"embeddable":true,"href":"https:\/\/visit7wonders.com\/es\/wp-json\/wp\/v2\/comments?post=2499"}],"version-history":[{"count":11,"href":"https:\/\/visit7wonders.com\/es\/wp-json\/wp\/v2\/pages\/2499\/revisions"}],"predecessor-version":[{"id":10301,"href":"https:\/\/visit7wonders.com\/es\/wp-json\/wp\/v2\/pages\/2499\/revisions\/10301"}],"wp:featuredmedia":[{"embeddable":true,"href":"https:\/\/visit7wonders.com\/es\/wp-json\/wp\/v2\/media\/4077"}],"wp:attachment":[{"href":"https:\/\/visit7wonders.com\/es\/wp-json\/wp\/v2\/media?parent=2499"}],"curies":[{"name":"wp","href":"https:\/\/api.w.org\/{rel}","templated":true}]}}