{"id":2502,"date":"2015-10-05T14:03:04","date_gmt":"2015-10-05T17:03:04","guid":{"rendered":"https:\/\/visit7wonders.com\/?page_id=62"},"modified":"2025-11-05T21:19:59","modified_gmt":"2025-11-06T00:19:59","slug":"colosseum","status":"publish","type":"page","link":"https:\/\/visit7wonders.com\/es\/colosseum\/","title":{"rendered":"Coliseo"},"content":{"rendered":"<div style=\"display: flex; gap: 0px; padding: 20px; align-items: center\" class=\"page-custom-container\">\n<div style=\"flex: 0 0 159px; text-align:center\" class=\"left-column\">\n        <img decoding=\"async\" src=\"https:\/\/visit7wonders.com\/wp-content\/uploads\/2021\/03\/Sello-Coliseo-159x300.png\" alt=\"Visit7Wonders\">\n    <\/div>\n<div style=\"flex: 1;\" class=\"right-column\">\n<p style=\"font-weight: bold; font-size: 20px; line-height:1.5;\">El gran anfiteatro en el centro de Roma fue construido para dar favores a los legionarios exitosos y para celebrar la gloria del Imperio Romano. Su dise\u00f1o sigue en pie hoy en d\u00eda, y virtualmente cada estadio deportivo 2.000 a\u00f1os despu\u00e9s a\u00fan lleva la irresistible impronta del dise\u00f1o original del Coliseo. Actualmente, a trav\u00e9s de las pel\u00edculas y los libros de historia podemos saber sobre las crueles peleas y juegos que tuvieron lugar en este teatro de arena, y todo para el disfrute de sus espectadores.<\/p>\n<\/p><\/div>\n<\/div>\n<div id=\"metaslider-id-3160\" style=\"width: 100%; margin: 0 auto;\" class=\"ml-slider-3-108-0 metaslider metaslider-flex metaslider-3160 ml-slider ms-theme-default nav-hidden\" role=\"region\" aria-label=\"Coliseo\" data-height=\"300\" data-width=\"700\">\n    <div id=\"metaslider_container_3160\">\n        <div id=\"metaslider_3160\">\n            <ul class='slides'>\n                <li style=\"display: block; width: 100%;\" class=\"slide-10254 ms-image \" aria-roledescription=\"slide\" data-date=\"2025-11-05 21:22:24\" data-filename=\"coliseo2.jpeg\" data-slide-type=\"image\"><img fetchpriority=\"high\" decoding=\"async\" width=\"1880\" height=\"1253\" src=\"https:\/\/visit7wonders.com\/wp-content\/uploads\/2021\/03\/coliseo2.jpeg\" class=\"slider-3160 slide-10254 msDefaultImage\" alt=\"\" rel=\"\" title=\"coliseo2\" srcset=\"https:\/\/visit7wonders.com\/wp-content\/uploads\/2021\/03\/coliseo2.jpeg 1880w, https:\/\/visit7wonders.com\/wp-content\/uploads\/2021\/03\/coliseo2-300x200.jpeg 300w, https:\/\/visit7wonders.com\/wp-content\/uploads\/2021\/03\/coliseo2-1024x682.jpeg 1024w, https:\/\/visit7wonders.com\/wp-content\/uploads\/2021\/03\/coliseo2-768x512.jpeg 768w, https:\/\/visit7wonders.com\/wp-content\/uploads\/2021\/03\/coliseo2-1536x1024.jpeg 1536w, https:\/\/visit7wonders.com\/wp-content\/uploads\/2021\/03\/coliseo2-24x16.jpeg 24w, https:\/\/visit7wonders.com\/wp-content\/uploads\/2021\/03\/coliseo2-36x24.jpeg 36w, https:\/\/visit7wonders.com\/wp-content\/uploads\/2021\/03\/coliseo2-48x32.jpeg 48w, https:\/\/visit7wonders.com\/wp-content\/uploads\/2021\/03\/coliseo2-272x182.jpeg 272w\" sizes=\"(max-width: 1880px) 100vw, 1880px\" \/><\/li>\n                <li style=\"display: none; width: 100%;\" class=\"slide-10252 ms-image \" aria-roledescription=\"slide\" data-date=\"2025-11-05 21:21:26\" data-filename=\"coliseo23-1.jpeg\" data-slide-type=\"image\"><img decoding=\"async\" width=\"1880\" height=\"1058\" src=\"https:\/\/visit7wonders.com\/wp-content\/uploads\/2021\/06\/coliseo23-1.jpeg\" class=\"slider-3160 slide-10252 msDefaultImage\" alt=\"\" rel=\"\" title=\"coliseo23\" srcset=\"https:\/\/visit7wonders.com\/wp-content\/uploads\/2021\/06\/coliseo23-1.jpeg 1880w, https:\/\/visit7wonders.com\/wp-content\/uploads\/2021\/06\/coliseo23-1-300x169.jpeg 300w, https:\/\/visit7wonders.com\/wp-content\/uploads\/2021\/06\/coliseo23-1-1024x576.jpeg 1024w, https:\/\/visit7wonders.com\/wp-content\/uploads\/2021\/06\/coliseo23-1-768x432.jpeg 768w, https:\/\/visit7wonders.com\/wp-content\/uploads\/2021\/06\/coliseo23-1-1536x864.jpeg 1536w, https:\/\/visit7wonders.com\/wp-content\/uploads\/2021\/06\/coliseo23-1-24x14.jpeg 24w, https:\/\/visit7wonders.com\/wp-content\/uploads\/2021\/06\/coliseo23-1-36x20.jpeg 36w, https:\/\/visit7wonders.com\/wp-content\/uploads\/2021\/06\/coliseo23-1-48x27.jpeg 48w\" sizes=\"(max-width: 1880px) 100vw, 1880px\" \/><\/li>\n                <li style=\"display: none; width: 100%;\" class=\"slide-10308 ms-image \" aria-roledescription=\"slide\" data-date=\"2025-11-05 22:05:27\" data-filename=\"coliseo-romano.jpeg\" data-slide-type=\"image\"><img decoding=\"async\" width=\"1920\" height=\"1345\" src=\"https:\/\/visit7wonders.com\/wp-content\/uploads\/2024\/01\/coliseo-romano.jpeg\" class=\"slider-3160 slide-10308 msDefaultImage\" alt=\"\" rel=\"\" title=\"coliseo romano\" srcset=\"https:\/\/visit7wonders.com\/wp-content\/uploads\/2024\/01\/coliseo-romano.jpeg 1920w, https:\/\/visit7wonders.com\/wp-content\/uploads\/2024\/01\/coliseo-romano-350x245.jpeg 350w, https:\/\/visit7wonders.com\/wp-content\/uploads\/2024\/01\/coliseo-romano-1024x717.jpeg 1024w, https:\/\/visit7wonders.com\/wp-content\/uploads\/2024\/01\/coliseo-romano-768x538.jpeg 768w, https:\/\/visit7wonders.com\/wp-content\/uploads\/2024\/01\/coliseo-romano-1536x1076.jpeg 1536w, https:\/\/visit7wonders.com\/wp-content\/uploads\/2024\/01\/coliseo-romano-24x17.jpeg 24w, https:\/\/visit7wonders.com\/wp-content\/uploads\/2024\/01\/coliseo-romano-36x25.jpeg 36w, https:\/\/visit7wonders.com\/wp-content\/uploads\/2024\/01\/coliseo-romano-48x34.jpeg 48w\" sizes=\"(max-width: 1920px) 100vw, 1920px\" \/><\/li>\n                <li style=\"display: none; width: 100%;\" class=\"slide-10253 ms-image \" aria-roledescription=\"slide\" data-date=\"2025-11-05 21:22:14\" data-filename=\"coliseo-romano.webp\" data-slide-type=\"image\"><img loading=\"lazy\" decoding=\"async\" width=\"1978\" height=\"1320\" src=\"https:\/\/visit7wonders.com\/wp-content\/uploads\/2025\/01\/coliseo-romano.webp\" class=\"slider-3160 slide-10253 msDefaultImage\" alt=\"\" rel=\"\" title=\"coliseo romano\" srcset=\"https:\/\/visit7wonders.com\/wp-content\/uploads\/2025\/01\/coliseo-romano.webp 1978w, https:\/\/visit7wonders.com\/wp-content\/uploads\/2025\/01\/coliseo-romano-350x234.webp 350w, https:\/\/visit7wonders.com\/wp-content\/uploads\/2025\/01\/coliseo-romano-1024x683.webp 1024w, https:\/\/visit7wonders.com\/wp-content\/uploads\/2025\/01\/coliseo-romano-768x513.webp 768w, https:\/\/visit7wonders.com\/wp-content\/uploads\/2025\/01\/coliseo-romano-1536x1025.webp 1536w, https:\/\/visit7wonders.com\/wp-content\/uploads\/2025\/01\/coliseo-romano-24x16.webp 24w, https:\/\/visit7wonders.com\/wp-content\/uploads\/2025\/01\/coliseo-romano-36x24.webp 36w, https:\/\/visit7wonders.com\/wp-content\/uploads\/2025\/01\/coliseo-romano-48x32.webp 48w, https:\/\/visit7wonders.com\/wp-content\/uploads\/2025\/01\/coliseo-romano-272x182.webp 272w\" sizes=\"(max-width: 1978px) 100vw, 1978px\" \/><\/li>\n                <li style=\"display: none; width: 100%;\" class=\"slide-10309 ms-image \" aria-roledescription=\"slide\" data-date=\"2025-11-05 22:05:39\" data-filename=\"coliseo2.jpeg\" data-slide-type=\"image\"><img loading=\"lazy\" decoding=\"async\" width=\"1880\" height=\"1253\" src=\"https:\/\/visit7wonders.com\/wp-content\/uploads\/2021\/02\/coliseo2.jpeg\" class=\"slider-3160 slide-10309 msDefaultImage\" alt=\"\" rel=\"\" title=\"coliseo2\" srcset=\"https:\/\/visit7wonders.com\/wp-content\/uploads\/2021\/02\/coliseo2.jpeg 1880w, https:\/\/visit7wonders.com\/wp-content\/uploads\/2021\/02\/coliseo2-300x200.jpeg 300w, https:\/\/visit7wonders.com\/wp-content\/uploads\/2021\/02\/coliseo2-1024x682.jpeg 1024w, https:\/\/visit7wonders.com\/wp-content\/uploads\/2021\/02\/coliseo2-768x512.jpeg 768w, https:\/\/visit7wonders.com\/wp-content\/uploads\/2021\/02\/coliseo2-1536x1024.jpeg 1536w, https:\/\/visit7wonders.com\/wp-content\/uploads\/2021\/02\/coliseo2-24x16.jpeg 24w, https:\/\/visit7wonders.com\/wp-content\/uploads\/2021\/02\/coliseo2-36x24.jpeg 36w, https:\/\/visit7wonders.com\/wp-content\/uploads\/2021\/02\/coliseo2-48x32.jpeg 48w, https:\/\/visit7wonders.com\/wp-content\/uploads\/2021\/02\/coliseo2-272x182.jpeg 272w\" sizes=\"(max-width: 1880px) 100vw, 1880px\" \/><\/li>\n                <li style=\"display: none; width: 100%;\" class=\"slide-10310 ms-image \" aria-roledescription=\"slide\" data-date=\"2025-11-05 22:05:45\" data-filename=\"coliseo-romano.webp\" data-slide-type=\"image\"><img loading=\"lazy\" decoding=\"async\" width=\"1978\" height=\"1320\" src=\"https:\/\/visit7wonders.com\/wp-content\/uploads\/2025\/01\/coliseo-romano.webp\" class=\"slider-3160 slide-10310 msDefaultImage\" alt=\"\" rel=\"\" title=\"coliseo romano\" srcset=\"https:\/\/visit7wonders.com\/wp-content\/uploads\/2025\/01\/coliseo-romano.webp 1978w, https:\/\/visit7wonders.com\/wp-content\/uploads\/2025\/01\/coliseo-romano-350x234.webp 350w, https:\/\/visit7wonders.com\/wp-content\/uploads\/2025\/01\/coliseo-romano-1024x683.webp 1024w, https:\/\/visit7wonders.com\/wp-content\/uploads\/2025\/01\/coliseo-romano-768x513.webp 768w, https:\/\/visit7wonders.com\/wp-content\/uploads\/2025\/01\/coliseo-romano-1536x1025.webp 1536w, https:\/\/visit7wonders.com\/wp-content\/uploads\/2025\/01\/coliseo-romano-24x16.webp 24w, https:\/\/visit7wonders.com\/wp-content\/uploads\/2025\/01\/coliseo-romano-36x24.webp 36w, https:\/\/visit7wonders.com\/wp-content\/uploads\/2025\/01\/coliseo-romano-48x32.webp 48w, https:\/\/visit7wonders.com\/wp-content\/uploads\/2025\/01\/coliseo-romano-272x182.webp 272w\" sizes=\"(max-width: 1978px) 100vw, 1978px\" \/><\/li>\n            <\/ul>\n        <\/div>\n        \n    <\/div>\n<\/div>\n","protected":false},"excerpt":{"rendered":"<p>El gran anfiteatro en el centro de Roma fue construido para dar favores a los legionarios exitosos y para celebrar la gloria del Imperio Romano.&hellip;<\/p>\n","protected":false},"author":3,"featured_media":4066,"parent":0,"menu_order":0,"comment_status":"closed","ping_status":"closed","template":"","meta":{"footnotes":""},"class_list":["post-2502","page","type-page","status-publish","has-post-thumbnail","hentry"],"_links":{"self":[{"href":"https:\/\/visit7wonders.com\/es\/wp-json\/wp\/v2\/pages\/2502","targetHints":{"allow":["GET"]}}],"collection":[{"href":"https:\/\/visit7wonders.com\/es\/wp-json\/wp\/v2\/pages"}],"about":[{"href":"https:\/\/visit7wonders.com\/es\/wp-json\/wp\/v2\/types\/page"}],"author":[{"embeddable":true,"href":"https:\/\/visit7wonders.com\/es\/wp-json\/wp\/v2\/users\/3"}],"replies":[{"embeddable":true,"href":"https:\/\/visit7wonders.com\/es\/wp-json\/wp\/v2\/comments?post=2502"}],"version-history":[{"count":14,"href":"https:\/\/visit7wonders.com\/es\/wp-json\/wp\/v2\/pages\/2502\/revisions"}],"predecessor-version":[{"id":10251,"href":"https:\/\/visit7wonders.com\/es\/wp-json\/wp\/v2\/pages\/2502\/revisions\/10251"}],"wp:featuredmedia":[{"embeddable":true,"href":"https:\/\/visit7wonders.com\/es\/wp-json\/wp\/v2\/media\/4066"}],"wp:attachment":[{"href":"https:\/\/visit7wonders.com\/es\/wp-json\/wp\/v2\/media?parent=2502"}],"curies":[{"name":"wp","href":"https:\/\/api.w.org\/{rel}","templated":true}]}}