{"id":2505,"date":"2015-10-05T13:30:07","date_gmt":"2015-10-05T16:30:07","guid":{"rendered":"https:\/\/visit7wonders.com\/?page_id=12"},"modified":"2025-11-05T21:12:36","modified_gmt":"2025-11-06T00:12:36","slug":"ha-long-bay","status":"publish","type":"page","link":"https:\/\/visit7wonders.com\/es\/ha-long-bay\/","title":{"rendered":"Bah\u00eda de Ha Long"},"content":{"rendered":"<div style=\"display: flex; gap: 0px; padding: 20px; align-items: center\" class=\"page-custom-container\">\n<div style=\"flex: 0 0 159px; text-align:center\" class=\"left-column\">\n        <img decoding=\"async\" src=\"https:\/\/visit7wonders.com\/wp-content\/uploads\/2021\/03\/Sello-Bah\u00edadeHaLong-159x300.png\" alt=\"Visit7Wonders\">\n    <\/div>\n<div style=\"flex: 1;\" class=\"right-column\">\n<p style=\"font-weight: bold; font-size: 20px; line-height:1.5;\">La Bah\u00eda de Ha Long, ubicada en el Golfo de Turqu\u00eda, incluye alrededor de 1.600 islas e islotes que forman una vista espectacular hacia pilares de piedra caliza. Por su naturaleza escarpada, la mayor\u00eda de las islas est\u00e1n deshabitadas e inalteradas por el hombre. La belleza esc\u00e9nica excepcional del lugar se complementa con su gran valor para la biolog\u00eda.<\/p>\n<\/p><\/div>\n<\/div>\n<div id=\"metaslider-id-3040\" style=\"width: 100%; margin: 0 auto;\" class=\"ml-slider-3-108-0 metaslider metaslider-flex metaslider-3040 ml-slider ms-theme-default nav-hidden\" role=\"region\" aria-label=\"Ha Long Bay\" data-height=\"300\" data-width=\"700\">\n    <div id=\"metaslider_container_3040\">\n        <div id=\"metaslider_3040\">\n            <ul class='slides'>\n                <li style=\"display: block; width: 100%;\" class=\"slide-3042 ms-image \" aria-roledescription=\"slide\" data-date=\"2020-03-06 18:50:38\" data-filename=\"halong-bay-vietnam_1.jpg\" data-slide-type=\"image\"><img fetchpriority=\"high\" decoding=\"async\" width=\"1024\" height=\"472\" src=\"https:\/\/visit7wonders.com\/wp-content\/uploads\/2015\/10\/halong-bay-vietnam_1.jpg\" class=\"slider-3040 slide-3042 msDefaultImage\" alt=\"\" rel=\"\" title=\"halong-bay-vietnam_1\" srcset=\"https:\/\/visit7wonders.com\/wp-content\/uploads\/2015\/10\/halong-bay-vietnam_1.jpg 1024w, https:\/\/visit7wonders.com\/wp-content\/uploads\/2015\/10\/halong-bay-vietnam_1-300x138.jpg 300w, https:\/\/visit7wonders.com\/wp-content\/uploads\/2015\/10\/halong-bay-vietnam_1-768x354.jpg 768w, https:\/\/visit7wonders.com\/wp-content\/uploads\/2015\/10\/halong-bay-vietnam_1-24x11.jpg 24w, https:\/\/visit7wonders.com\/wp-content\/uploads\/2015\/10\/halong-bay-vietnam_1-36x17.jpg 36w, https:\/\/visit7wonders.com\/wp-content\/uploads\/2015\/10\/halong-bay-vietnam_1-48x22.jpg 48w\" sizes=\"(max-width: 1024px) 100vw, 1024px\" \/><\/li>\n                <li style=\"display: none; width: 100%;\" class=\"slide-3041 ms-image \" aria-roledescription=\"slide\" data-date=\"2020-03-06 18:50:16\" data-filename=\"Bah\u00eda-de-Ha-Long.jpg\" data-slide-type=\"image\"><img decoding=\"async\" width=\"700\" height=\"300\" src=\"https:\/\/visit7wonders.com\/wp-content\/uploads\/2015\/10\/Bah\u00eda-de-Ha-Long.jpg\" class=\"slider-3040 slide-3041 msDefaultImage\" alt=\"\" rel=\"\" title=\"Bah\u00eda de Ha Long\" srcset=\"https:\/\/visit7wonders.com\/wp-content\/uploads\/2015\/10\/Bah\u00eda-de-Ha-Long.jpg 700w, https:\/\/visit7wonders.com\/wp-content\/uploads\/2015\/10\/Bah\u00eda-de-Ha-Long-300x129.jpg 300w, https:\/\/visit7wonders.com\/wp-content\/uploads\/2015\/10\/Bah\u00eda-de-Ha-Long-24x10.jpg 24w, https:\/\/visit7wonders.com\/wp-content\/uploads\/2015\/10\/Bah\u00eda-de-Ha-Long-36x15.jpg 36w, https:\/\/visit7wonders.com\/wp-content\/uploads\/2015\/10\/Bah\u00eda-de-Ha-Long-48x21.jpg 48w\" sizes=\"(max-width: 700px) 100vw, 700px\" \/><\/li>\n            <\/ul>\n        <\/div>\n        \n    <\/div>\n<\/div>\n","protected":false},"excerpt":{"rendered":"<p>La Bah\u00eda de Ha Long, ubicada en el Golfo de Turqu\u00eda, incluye alrededor de 1.600 islas e islotes que forman una vista espectacular hacia pilares&hellip;<\/p>\n","protected":false},"author":3,"featured_media":3977,"parent":0,"menu_order":0,"comment_status":"closed","ping_status":"closed","template":"","meta":{"footnotes":""},"class_list":["post-2505","page","type-page","status-publish","has-post-thumbnail","hentry"],"_links":{"self":[{"href":"https:\/\/visit7wonders.com\/es\/wp-json\/wp\/v2\/pages\/2505","targetHints":{"allow":["GET"]}}],"collection":[{"href":"https:\/\/visit7wonders.com\/es\/wp-json\/wp\/v2\/pages"}],"about":[{"href":"https:\/\/visit7wonders.com\/es\/wp-json\/wp\/v2\/types\/page"}],"author":[{"embeddable":true,"href":"https:\/\/visit7wonders.com\/es\/wp-json\/wp\/v2\/users\/3"}],"replies":[{"embeddable":true,"href":"https:\/\/visit7wonders.com\/es\/wp-json\/wp\/v2\/comments?post=2505"}],"version-history":[{"count":16,"href":"https:\/\/visit7wonders.com\/es\/wp-json\/wp\/v2\/pages\/2505\/revisions"}],"predecessor-version":[{"id":10244,"href":"https:\/\/visit7wonders.com\/es\/wp-json\/wp\/v2\/pages\/2505\/revisions\/10244"}],"wp:featuredmedia":[{"embeddable":true,"href":"https:\/\/visit7wonders.com\/es\/wp-json\/wp\/v2\/media\/3977"}],"wp:attachment":[{"href":"https:\/\/visit7wonders.com\/es\/wp-json\/wp\/v2\/media?parent=2505"}],"curies":[{"name":"wp","href":"https:\/\/api.w.org\/{rel}","templated":true}]}}