{"id":2549,"date":"2015-10-24T15:00:24","date_gmt":"2015-10-24T18:00:24","guid":{"rendered":"https:\/\/visit7wonders.com\/copy-of-cataratas-del-iguazu\/"},"modified":"2025-11-05T20:42:41","modified_gmt":"2025-11-05T23:42:41","slug":"iguazu-fall","status":"publish","type":"page","link":"https:\/\/visit7wonders.com\/es\/iguazu-fall\/","title":{"rendered":"Cataratas del Iguaz\u00fa"},"content":{"rendered":"<div style=\"display: flex; gap: 0px; padding: 20px;\" class=\"page-custom-container\">\n<div style=\"flex: 0 0 159px; text-align:center\" class=\"left-column\">\n        <img decoding=\"async\" src=\"https:\/\/visit7wonders.com\/wp-content\/uploads\/2021\/03\/Sello-CataratasdelIguaz\u00fa-159x300.png\" alt=\"Visit7Wonders\">\n    <\/div>\n<div style=\"flex: 1;\" class=\"right-column\">\n<p style=\"font-weight: bold; font-size: 20px; line-height:1.5\">En el coraz\u00f3n de las Cataratas del Iguaz\u00fa se encuentra una ca\u00edda de agua semicircular con 80 metros de alto y 2.700 metros de di\u00e1metro, est\u00e1 ubicada en una l\u00ednea bas\u00e1ltica marcando el l\u00edmite entre Argentina y Brasil. Formada por numerosas cascadas que producen vastos cauces de agua, es una de las cataratas m\u00e1s espectaculares del mundo. Por su parte, el bosque atl\u00e1ntico o selva subtropical que las rodea tiene m\u00e1s de 2.000 especies de plantas vasculares y es hogar de la fauna salvaje t\u00edpica de la regi\u00f3n: tapires, osos hormigueros gigantes, monos aulladores, ocelotes, jaguares y caimanes yacar\u00e9.<\/p>\n<p>        <a href=\"https:\/\/www.visitiguazu.travel\/\" target=\"_blank\"><img decoding=\"async\" src=\"https:\/\/visit7wonders.com\/wp-content\/uploads\/2020\/09\/banner_visit_iguazu.gif\" alt=\"Anuncio\" style=\"display: block; margin: 20px auto 0; max-width: 100%;\"><br \/>\n        <\/a>\n    <\/div>\n<\/div>\n<div id=\"metaslider-id-3047\" style=\"width: 100%; margin: 0 auto;\" class=\"ml-slider-3-108-0 metaslider metaslider-flex metaslider-3047 ml-slider ms-theme-default nav-hidden\" role=\"region\" aria-label=\"Cataratas del iguazu\" data-height=\"300\" data-width=\"700\">\n    <div id=\"metaslider_container_3047\">\n        <div id=\"metaslider_3047\">\n            <ul class='slides'>\n                <li style=\"display: block; width: 100%;\" class=\"slide-3070 ms-image \" aria-roledescription=\"slide\" data-date=\"2020-03-06 19:10:10\" data-filename=\"Iguazu-Falls-6.jpg\" data-slide-type=\"image\"><img fetchpriority=\"high\" decoding=\"async\" width=\"1921\" height=\"1276\" src=\"https:\/\/visit7wonders.com\/wp-content\/uploads\/2015\/10\/Iguazu-Falls-6.jpg\" class=\"slider-3047 slide-3070 msDefaultImage\" alt=\"\" rel=\"\" title=\"Iguazu-Falls-6\" srcset=\"https:\/\/visit7wonders.com\/wp-content\/uploads\/2015\/10\/Iguazu-Falls-6.jpg 1921w, https:\/\/visit7wonders.com\/wp-content\/uploads\/2015\/10\/Iguazu-Falls-6-300x199.jpg 300w, https:\/\/visit7wonders.com\/wp-content\/uploads\/2015\/10\/Iguazu-Falls-6-1024x680.jpg 1024w, https:\/\/visit7wonders.com\/wp-content\/uploads\/2015\/10\/Iguazu-Falls-6-768x510.jpg 768w, https:\/\/visit7wonders.com\/wp-content\/uploads\/2015\/10\/Iguazu-Falls-6-1536x1020.jpg 1536w, https:\/\/visit7wonders.com\/wp-content\/uploads\/2015\/10\/Iguazu-Falls-6-24x16.jpg 24w, https:\/\/visit7wonders.com\/wp-content\/uploads\/2015\/10\/Iguazu-Falls-6-36x24.jpg 36w, https:\/\/visit7wonders.com\/wp-content\/uploads\/2015\/10\/Iguazu-Falls-6-48x32.jpg 48w, https:\/\/visit7wonders.com\/wp-content\/uploads\/2015\/10\/Iguazu-Falls-6-272x182.jpg 272w\" sizes=\"(max-width: 1921px) 100vw, 1921px\" \/><\/li>\n                <li style=\"display: none; width: 100%;\" class=\"slide-3071 ms-image \" aria-roledescription=\"slide\" data-date=\"2020-03-06 19:10:31\" data-filename=\"cataratas_iguazu.jpg\" data-slide-type=\"image\"><img decoding=\"async\" width=\"1600\" height=\"1200\" src=\"https:\/\/visit7wonders.com\/wp-content\/uploads\/2015\/10\/cataratas_iguazu.jpg\" class=\"slider-3047 slide-3071 msDefaultImage\" alt=\"\" rel=\"\" title=\"cataratas_iguazu\" srcset=\"https:\/\/visit7wonders.com\/wp-content\/uploads\/2015\/10\/cataratas_iguazu.jpg 1600w, https:\/\/visit7wonders.com\/wp-content\/uploads\/2015\/10\/cataratas_iguazu-300x225.jpg 300w, https:\/\/visit7wonders.com\/wp-content\/uploads\/2015\/10\/cataratas_iguazu-1024x768.jpg 1024w, https:\/\/visit7wonders.com\/wp-content\/uploads\/2015\/10\/cataratas_iguazu-768x576.jpg 768w, https:\/\/visit7wonders.com\/wp-content\/uploads\/2015\/10\/cataratas_iguazu-1536x1152.jpg 1536w, https:\/\/visit7wonders.com\/wp-content\/uploads\/2015\/10\/cataratas_iguazu-24x18.jpg 24w, https:\/\/visit7wonders.com\/wp-content\/uploads\/2015\/10\/cataratas_iguazu-36x27.jpg 36w, https:\/\/visit7wonders.com\/wp-content\/uploads\/2015\/10\/cataratas_iguazu-48x36.jpg 48w\" sizes=\"(max-width: 1600px) 100vw, 1600px\" \/><\/li>\n                <li style=\"display: none; width: 100%;\" class=\"slide-3065 ms-image \" aria-roledescription=\"slide\" data-date=\"2020-03-06 19:08:58\" data-filename=\"IGUAZ\u00da_03-01.jpg\" data-slide-type=\"image\"><img decoding=\"async\" width=\"1200\" height=\"613\" src=\"https:\/\/visit7wonders.com\/wp-content\/uploads\/2015\/10\/IGUAZ\u00da_03-01.jpg\" class=\"slider-3047 slide-3065 msDefaultImage\" alt=\"\" rel=\"\" title=\"IGUAZ\u00da_03-01\" srcset=\"https:\/\/visit7wonders.com\/wp-content\/uploads\/2015\/10\/IGUAZ\u00da_03-01.jpg 1200w, https:\/\/visit7wonders.com\/wp-content\/uploads\/2015\/10\/IGUAZ\u00da_03-01-300x153.jpg 300w, https:\/\/visit7wonders.com\/wp-content\/uploads\/2015\/10\/IGUAZ\u00da_03-01-1024x523.jpg 1024w, https:\/\/visit7wonders.com\/wp-content\/uploads\/2015\/10\/IGUAZ\u00da_03-01-768x392.jpg 768w, https:\/\/visit7wonders.com\/wp-content\/uploads\/2015\/10\/IGUAZ\u00da_03-01-24x12.jpg 24w, https:\/\/visit7wonders.com\/wp-content\/uploads\/2015\/10\/IGUAZ\u00da_03-01-36x18.jpg 36w, https:\/\/visit7wonders.com\/wp-content\/uploads\/2015\/10\/IGUAZ\u00da_03-01-48x25.jpg 48w\" sizes=\"(max-width: 1200px) 100vw, 1200px\" \/><\/li>\n                <li style=\"display: none; width: 100%;\" class=\"slide-3067 ms-image \" aria-roledescription=\"slide\" data-date=\"2020-03-06 19:09:46\" data-filename=\"iguazu-falls-aerial-view.jpg\" data-slide-type=\"image\"><img loading=\"lazy\" decoding=\"async\" width=\"1600\" height=\"1071\" src=\"https:\/\/visit7wonders.com\/wp-content\/uploads\/2015\/10\/iguazu-falls-aerial-view.jpg\" class=\"slider-3047 slide-3067 msDefaultImage\" alt=\"\" rel=\"\" title=\"iguazu-falls-aerial-view\" srcset=\"https:\/\/visit7wonders.com\/wp-content\/uploads\/2015\/10\/iguazu-falls-aerial-view.jpg 1600w, https:\/\/visit7wonders.com\/wp-content\/uploads\/2015\/10\/iguazu-falls-aerial-view-300x201.jpg 300w, https:\/\/visit7wonders.com\/wp-content\/uploads\/2015\/10\/iguazu-falls-aerial-view-1024x685.jpg 1024w, https:\/\/visit7wonders.com\/wp-content\/uploads\/2015\/10\/iguazu-falls-aerial-view-768x514.jpg 768w, https:\/\/visit7wonders.com\/wp-content\/uploads\/2015\/10\/iguazu-falls-aerial-view-1536x1028.jpg 1536w, https:\/\/visit7wonders.com\/wp-content\/uploads\/2015\/10\/iguazu-falls-aerial-view-24x16.jpg 24w, https:\/\/visit7wonders.com\/wp-content\/uploads\/2015\/10\/iguazu-falls-aerial-view-36x24.jpg 36w, https:\/\/visit7wonders.com\/wp-content\/uploads\/2015\/10\/iguazu-falls-aerial-view-48x32.jpg 48w, https:\/\/visit7wonders.com\/wp-content\/uploads\/2015\/10\/iguazu-falls-aerial-view-272x182.jpg 272w\" sizes=\"(max-width: 1600px) 100vw, 1600px\" \/><\/li>\n                <li style=\"display: none; width: 100%;\" class=\"slide-3073 ms-image \" aria-roledescription=\"slide\" data-date=\"2020-03-06 19:10:50\" data-filename=\"imagen-aerea-cataratas-del-iguazu-scaled-1.jpg\" data-slide-type=\"image\"><img loading=\"lazy\" decoding=\"async\" width=\"2560\" height=\"1927\" src=\"https:\/\/visit7wonders.com\/wp-content\/uploads\/2015\/10\/imagen-aerea-cataratas-del-iguazu-scaled-1.jpg\" class=\"slider-3047 slide-3073 msDefaultImage\" alt=\"\" rel=\"\" title=\"imagen-aerea-cataratas-del-iguazu\" srcset=\"https:\/\/visit7wonders.com\/wp-content\/uploads\/2015\/10\/imagen-aerea-cataratas-del-iguazu-scaled-1.jpg 2560w, https:\/\/visit7wonders.com\/wp-content\/uploads\/2015\/10\/imagen-aerea-cataratas-del-iguazu-scaled-1-300x226.jpg 300w, https:\/\/visit7wonders.com\/wp-content\/uploads\/2015\/10\/imagen-aerea-cataratas-del-iguazu-scaled-1-1024x771.jpg 1024w, https:\/\/visit7wonders.com\/wp-content\/uploads\/2015\/10\/imagen-aerea-cataratas-del-iguazu-scaled-1-768x578.jpg 768w, https:\/\/visit7wonders.com\/wp-content\/uploads\/2015\/10\/imagen-aerea-cataratas-del-iguazu-scaled-1-1536x1156.jpg 1536w, https:\/\/visit7wonders.com\/wp-content\/uploads\/2015\/10\/imagen-aerea-cataratas-del-iguazu-scaled-1-2048x1542.jpg 2048w, https:\/\/visit7wonders.com\/wp-content\/uploads\/2015\/10\/imagen-aerea-cataratas-del-iguazu-scaled-1-24x18.jpg 24w, https:\/\/visit7wonders.com\/wp-content\/uploads\/2015\/10\/imagen-aerea-cataratas-del-iguazu-scaled-1-36x27.jpg 36w, https:\/\/visit7wonders.com\/wp-content\/uploads\/2015\/10\/imagen-aerea-cataratas-del-iguazu-scaled-1-48x36.jpg 48w\" sizes=\"(max-width: 2560px) 100vw, 2560px\" \/><\/li>\n                <li style=\"display: none; width: 100%;\" class=\"slide-3068 ms-image \" aria-roledescription=\"slide\" data-date=\"2020-03-06 19:09:55\" data-filename=\"Iguazu-Falls-2.jpg\" data-slide-type=\"image\"><img loading=\"lazy\" decoding=\"async\" width=\"2560\" height=\"1600\" src=\"https:\/\/visit7wonders.com\/wp-content\/uploads\/2015\/10\/Iguazu-Falls-2.jpg\" class=\"slider-3047 slide-3068 msDefaultImage\" alt=\"\" rel=\"\" title=\"Iguazu-Falls-2\" srcset=\"https:\/\/visit7wonders.com\/wp-content\/uploads\/2015\/10\/Iguazu-Falls-2.jpg 2560w, https:\/\/visit7wonders.com\/wp-content\/uploads\/2015\/10\/Iguazu-Falls-2-300x188.jpg 300w, https:\/\/visit7wonders.com\/wp-content\/uploads\/2015\/10\/Iguazu-Falls-2-1024x640.jpg 1024w, https:\/\/visit7wonders.com\/wp-content\/uploads\/2015\/10\/Iguazu-Falls-2-768x480.jpg 768w, https:\/\/visit7wonders.com\/wp-content\/uploads\/2015\/10\/Iguazu-Falls-2-1536x960.jpg 1536w, https:\/\/visit7wonders.com\/wp-content\/uploads\/2015\/10\/Iguazu-Falls-2-2048x1280.jpg 2048w, https:\/\/visit7wonders.com\/wp-content\/uploads\/2015\/10\/Iguazu-Falls-2-24x15.jpg 24w, https:\/\/visit7wonders.com\/wp-content\/uploads\/2015\/10\/Iguazu-Falls-2-36x23.jpg 36w, https:\/\/visit7wonders.com\/wp-content\/uploads\/2015\/10\/Iguazu-Falls-2-48x30.jpg 48w\" sizes=\"(max-width: 2560px) 100vw, 2560px\" \/><\/li>\n            <\/ul>\n        <\/div>\n        \n    <\/div>\n<\/div>\n","protected":false},"excerpt":{"rendered":"<p>En el coraz\u00f3n de las Cataratas del Iguaz\u00fa se encuentra una ca\u00edda de agua semicircular con 80 metros de alto y 2.700 metros de di\u00e1metro,&hellip;<\/p>\n","protected":false},"author":3,"featured_media":3619,"parent":0,"menu_order":0,"comment_status":"closed","ping_status":"closed","template":"","meta":{"footnotes":""},"class_list":["post-2549","page","type-page","status-publish","has-post-thumbnail","hentry"],"_links":{"self":[{"href":"https:\/\/visit7wonders.com\/es\/wp-json\/wp\/v2\/pages\/2549","targetHints":{"allow":["GET"]}}],"collection":[{"href":"https:\/\/visit7wonders.com\/es\/wp-json\/wp\/v2\/pages"}],"about":[{"href":"https:\/\/visit7wonders.com\/es\/wp-json\/wp\/v2\/types\/page"}],"author":[{"embeddable":true,"href":"https:\/\/visit7wonders.com\/es\/wp-json\/wp\/v2\/users\/3"}],"replies":[{"embeddable":true,"href":"https:\/\/visit7wonders.com\/es\/wp-json\/wp\/v2\/comments?post=2549"}],"version-history":[{"count":55,"href":"https:\/\/visit7wonders.com\/es\/wp-json\/wp\/v2\/pages\/2549\/revisions"}],"predecessor-version":[{"id":10216,"href":"https:\/\/visit7wonders.com\/es\/wp-json\/wp\/v2\/pages\/2549\/revisions\/10216"}],"wp:featuredmedia":[{"embeddable":true,"href":"https:\/\/visit7wonders.com\/es\/wp-json\/wp\/v2\/media\/3619"}],"wp:attachment":[{"href":"https:\/\/visit7wonders.com\/es\/wp-json\/wp\/v2\/media?parent=2549"}],"curies":[{"name":"wp","href":"https:\/\/api.w.org\/{rel}","templated":true}]}}