{"id":2619,"date":"2015-10-05T13:36:23","date_gmt":"2015-10-05T16:36:23","guid":{"rendered":"https:\/\/visit7wonders.com\/?page_id=21"},"modified":"2025-11-05T20:59:35","modified_gmt":"2025-11-05T23:59:35","slug":"jeju-island","status":"publish","type":"page","link":"https:\/\/visit7wonders.com\/es\/jeju-island\/","title":{"rendered":"Isla de Jeju"},"content":{"rendered":"<div style=\"display: flex; gap: 0px; padding: 20px; align-items: center\" class=\"page-custom-container\">\n<div style=\"flex: 0 0 159px; text-align:center\" class=\"left-column\">\n        <img decoding=\"async\" src=\"https:\/\/visit7wonders.com\/wp-content\/uploads\/2021\/03\/Sello-IslaJeju-159x300.png\" alt=\"Visit7Wonders\">\n    <\/div>\n<div style=\"flex: 1;\" class=\"right-column\">\n<p style=\"font-weight: bold; font-size: 20px; line-height:1.5;\">Jeju es la isla volc\u00e1nica m\u00e1s grande en Corea del Sur. Oficialmente denominada Provincia Aut\u00f3noma Especial de Jeju, este principal destino tur\u00edstico cuenta con un clima templado junto a playas, cascadas, acantilados y cuevas con una belleza esc\u00e9nica incomparable. Entre los sitios tur\u00edsticos m\u00e1s destacados de la isla se incluyen el Parque Nacional Hallasan con una amplia variedad de especies de flora y fauna, las desorbitantes vistas del pico Seongsan Ilchulbong, y la cueva Manjanggul, el tubo de lava m\u00e1s largo del mundo que ha sido registrado como Patrimonio Natural de la Humanidad por la UNESCO. Adem\u00e1s, Jeju ha ganado el certificado de Geoparque Global y fue seleccionado como una de las Nuevas 7 Maravillas Naturales del Mundo.<\/p>\n<\/p><\/div>\n<\/div>\n<div id=\"metaslider-id-3082\" style=\"width: 100%; margin: 0 auto;\" class=\"ml-slider-3-108-0 metaslider metaslider-flex metaslider-3082 ml-slider ms-theme-default nav-hidden\" role=\"region\" aria-label=\"Isla Jeju\" data-height=\"300\" data-width=\"700\">\n    <div id=\"metaslider_container_3082\">\n        <div id=\"metaslider_3082\">\n            <ul class='slides'>\n                <li style=\"display: block; width: 100%;\" class=\"slide-3084 ms-image \" aria-roledescription=\"slide\" data-date=\"2020-03-06 19:19:57\" data-filename=\"Jeju.jpg\" data-slide-type=\"image\"><img fetchpriority=\"high\" decoding=\"async\" width=\"1280\" height=\"857\" src=\"https:\/\/visit7wonders.com\/wp-content\/uploads\/2015\/10\/Jeju.jpg\" class=\"slider-3082 slide-3084 msDefaultImage\" alt=\"\" rel=\"\" title=\"Jeju\" srcset=\"https:\/\/visit7wonders.com\/wp-content\/uploads\/2015\/10\/Jeju.jpg 1280w, https:\/\/visit7wonders.com\/wp-content\/uploads\/2015\/10\/Jeju-300x201.jpg 300w, https:\/\/visit7wonders.com\/wp-content\/uploads\/2015\/10\/Jeju-1024x686.jpg 1024w, https:\/\/visit7wonders.com\/wp-content\/uploads\/2015\/10\/Jeju-768x514.jpg 768w, https:\/\/visit7wonders.com\/wp-content\/uploads\/2015\/10\/Jeju-24x16.jpg 24w, https:\/\/visit7wonders.com\/wp-content\/uploads\/2015\/10\/Jeju-36x24.jpg 36w, https:\/\/visit7wonders.com\/wp-content\/uploads\/2015\/10\/Jeju-48x32.jpg 48w, https:\/\/visit7wonders.com\/wp-content\/uploads\/2015\/10\/Jeju-272x182.jpg 272w\" sizes=\"(max-width: 1280px) 100vw, 1280px\" \/><\/li>\n                <li style=\"display: none; width: 100%;\" class=\"slide-3085 ms-image \" aria-roledescription=\"slide\" data-date=\"2020-03-06 19:20:39\" data-filename=\"jeju1.jpg\" data-slide-type=\"image\"><img decoding=\"async\" width=\"683\" height=\"400\" src=\"https:\/\/visit7wonders.com\/wp-content\/uploads\/2019\/03\/jeju1.jpg\" class=\"slider-3082 slide-3085 msDefaultImage\" alt=\"\" rel=\"\" title=\"jeju1\" srcset=\"https:\/\/visit7wonders.com\/wp-content\/uploads\/2019\/03\/jeju1.jpg 683w, https:\/\/visit7wonders.com\/wp-content\/uploads\/2019\/03\/jeju1-300x176.jpg 300w, https:\/\/visit7wonders.com\/wp-content\/uploads\/2019\/03\/jeju1-24x14.jpg 24w, https:\/\/visit7wonders.com\/wp-content\/uploads\/2019\/03\/jeju1-36x21.jpg 36w, https:\/\/visit7wonders.com\/wp-content\/uploads\/2019\/03\/jeju1-48x28.jpg 48w\" sizes=\"(max-width: 683px) 100vw, 683px\" \/><\/li>\n            <\/ul>\n        <\/div>\n        \n    <\/div>\n<\/div>\n","protected":false},"excerpt":{"rendered":"<p>Jeju es la isla volc\u00e1nica m\u00e1s grande en Corea del Sur. Oficialmente denominada Provincia Aut\u00f3noma Especial de Jeju, este principal destino tur\u00edstico cuenta con un&hellip;<\/p>\n","protected":false},"author":3,"featured_media":4286,"parent":0,"menu_order":0,"comment_status":"closed","ping_status":"closed","template":"","meta":{"footnotes":""},"class_list":["post-2619","page","type-page","status-publish","has-post-thumbnail","hentry"],"_links":{"self":[{"href":"https:\/\/visit7wonders.com\/es\/wp-json\/wp\/v2\/pages\/2619","targetHints":{"allow":["GET"]}}],"collection":[{"href":"https:\/\/visit7wonders.com\/es\/wp-json\/wp\/v2\/pages"}],"about":[{"href":"https:\/\/visit7wonders.com\/es\/wp-json\/wp\/v2\/types\/page"}],"author":[{"embeddable":true,"href":"https:\/\/visit7wonders.com\/es\/wp-json\/wp\/v2\/users\/3"}],"replies":[{"embeddable":true,"href":"https:\/\/visit7wonders.com\/es\/wp-json\/wp\/v2\/comments?post=2619"}],"version-history":[{"count":18,"href":"https:\/\/visit7wonders.com\/es\/wp-json\/wp\/v2\/pages\/2619\/revisions"}],"predecessor-version":[{"id":10230,"href":"https:\/\/visit7wonders.com\/es\/wp-json\/wp\/v2\/pages\/2619\/revisions\/10230"}],"wp:featuredmedia":[{"embeddable":true,"href":"https:\/\/visit7wonders.com\/es\/wp-json\/wp\/v2\/media\/4286"}],"wp:attachment":[{"href":"https:\/\/visit7wonders.com\/es\/wp-json\/wp\/v2\/media?parent=2619"}],"curies":[{"name":"wp","href":"https:\/\/api.w.org\/{rel}","templated":true}]}}