{"id":2645,"date":"2015-10-05T14:00:24","date_gmt":"2015-10-05T14:00:24","guid":{"rendered":"https:\/\/visit7wonders.com\/?page_id=56"},"modified":"2025-11-05T21:38:14","modified_gmt":"2025-11-06T00:38:14","slug":"machu-picchu","status":"publish","type":"page","link":"https:\/\/visit7wonders.com\/es\/machu-picchu\/","title":{"rendered":"Machu Picchu"},"content":{"rendered":"<div style=\"display: flex; gap: 0px; padding: 20px; align-items: center\" class=\"page-custom-container\">\n<div style=\"flex: 0 0 159px; text-align:center\" class=\"left-column\">\n        <img decoding=\"async\" src=\"https:\/\/visit7wonders.com\/wp-content\/uploads\/2021\/03\/Sello-MachuPicchu-1-159x300.png\">\n    <\/div>\n<div style=\"flex: 1;\" class=\"right-column\">\n<p style=\"font-weight: bold; font-size: 20px; line-height:1.5;\">En el siglo XV, el emperador inca Pachac\u00fatec construy\u00f3 una ciudad en las nubes en la monta\u00f1a Machu Picchu (\u00abmonta\u00f1a o monte antiguo\u00bb). In the 15th century, the Incan Emperor Pachac\u00fatec built a city in the clouds on the mountain known as Machu Picchu (\u201cold mountain\u201d). Este asentamiento extraordinario yace a medio camino de la meseta de los Andes, en la profundidad de la jungla amaz\u00f3nica y sobre el r\u00edo Urubamba. Fue abandonada por los incas probablemente por una epidemia de viruela y, luego de que reino espa\u00f1ol haya derrotado al Imperio Inca, la ciudad permaneci\u00f3 \u00abperdida\u00bb por m\u00e1s de trescientos a\u00f1os. Fue descubierta por Hiram Bingham en 1911.<\/p>\n<\/p><\/div>\n<\/div>\n<div id=\"metaslider-id-3139\" style=\"width: 100%; margin: 0 auto;\" class=\"ml-slider-3-108-0 metaslider metaslider-flex metaslider-3139 ml-slider ms-theme-default nav-hidden\" role=\"region\" aria-label=\"Machu Picchu\" data-height=\"300\" data-width=\"700\">\n    <div id=\"metaslider_container_3139\">\n        <div id=\"metaslider_3139\">\n            <ul class='slides'>\n                <li style=\"display: block; width: 100%;\" class=\"slide-3143 ms-image \" aria-roledescription=\"slide\" data-date=\"2020-03-06 19:47:47\" data-filename=\"machu-picchu-1232470-1600x1200-1.jpg\" data-slide-type=\"image\"><img fetchpriority=\"high\" decoding=\"async\" width=\"1600\" height=\"1200\" src=\"https:\/\/visit7wonders.com\/wp-content\/uploads\/2015\/10\/machu-picchu-1232470-1600x1200-1.jpg\" class=\"slider-3139 slide-3143 msDefaultImage\" alt=\"\" rel=\"\" title=\"machu-picchu-1232470-1600x1200\" srcset=\"https:\/\/visit7wonders.com\/wp-content\/uploads\/2015\/10\/machu-picchu-1232470-1600x1200-1.jpg 1600w, https:\/\/visit7wonders.com\/wp-content\/uploads\/2015\/10\/machu-picchu-1232470-1600x1200-1-300x225.jpg 300w, https:\/\/visit7wonders.com\/wp-content\/uploads\/2015\/10\/machu-picchu-1232470-1600x1200-1-1024x768.jpg 1024w, https:\/\/visit7wonders.com\/wp-content\/uploads\/2015\/10\/machu-picchu-1232470-1600x1200-1-768x576.jpg 768w, https:\/\/visit7wonders.com\/wp-content\/uploads\/2015\/10\/machu-picchu-1232470-1600x1200-1-1536x1152.jpg 1536w, https:\/\/visit7wonders.com\/wp-content\/uploads\/2015\/10\/machu-picchu-1232470-1600x1200-1-24x18.jpg 24w, https:\/\/visit7wonders.com\/wp-content\/uploads\/2015\/10\/machu-picchu-1232470-1600x1200-1-36x27.jpg 36w, https:\/\/visit7wonders.com\/wp-content\/uploads\/2015\/10\/machu-picchu-1232470-1600x1200-1-48x36.jpg 48w\" sizes=\"(max-width: 1600px) 100vw, 1600px\" \/><\/li>\n                <li style=\"display: none; width: 100%;\" class=\"slide-10314 ms-image \" aria-roledescription=\"slide\" data-date=\"2025-11-05 22:07:50\" data-filename=\"skynews-peru-machu-picchu_6031983.jpg\" data-slide-type=\"image\"><img decoding=\"async\" width=\"1600\" height=\"900\" src=\"https:\/\/visit7wonders.com\/wp-content\/uploads\/2023\/01\/skynews-peru-machu-picchu_6031983.jpg\" class=\"slider-3139 slide-10314 msDefaultImage\" alt=\"****Image of N7W Wonders used as protest targets****\" rel=\"\" title=\"skynews-peru-machu-picchu_6031983\" srcset=\"https:\/\/visit7wonders.com\/wp-content\/uploads\/2023\/01\/skynews-peru-machu-picchu_6031983.jpg 1600w, https:\/\/visit7wonders.com\/wp-content\/uploads\/2023\/01\/skynews-peru-machu-picchu_6031983-350x197.jpg 350w, https:\/\/visit7wonders.com\/wp-content\/uploads\/2023\/01\/skynews-peru-machu-picchu_6031983-1024x576.jpg 1024w, https:\/\/visit7wonders.com\/wp-content\/uploads\/2023\/01\/skynews-peru-machu-picchu_6031983-768x432.jpg 768w, https:\/\/visit7wonders.com\/wp-content\/uploads\/2023\/01\/skynews-peru-machu-picchu_6031983-1536x864.jpg 1536w, https:\/\/visit7wonders.com\/wp-content\/uploads\/2023\/01\/skynews-peru-machu-picchu_6031983-24x14.jpg 24w, https:\/\/visit7wonders.com\/wp-content\/uploads\/2023\/01\/skynews-peru-machu-picchu_6031983-36x20.jpg 36w, https:\/\/visit7wonders.com\/wp-content\/uploads\/2023\/01\/skynews-peru-machu-picchu_6031983-48x27.jpg 48w\" sizes=\"(max-width: 1600px) 100vw, 1600px\" \/><\/li>\n            <\/ul>\n        <\/div>\n        \n    <\/div>\n<\/div>\n","protected":false},"excerpt":{"rendered":"<p>En el siglo XV, el emperador inca Pachac\u00fatec construy\u00f3 una ciudad en las nubes en la monta\u00f1a Machu Picchu (\u00abmonta\u00f1a o monte antiguo\u00bb). In the&hellip;<\/p>\n","protected":false},"author":3,"featured_media":4367,"parent":0,"menu_order":0,"comment_status":"closed","ping_status":"closed","template":"","meta":{"footnotes":""},"class_list":["post-2645","page","type-page","status-publish","has-post-thumbnail","hentry"],"_links":{"self":[{"href":"https:\/\/visit7wonders.com\/es\/wp-json\/wp\/v2\/pages\/2645","targetHints":{"allow":["GET"]}}],"collection":[{"href":"https:\/\/visit7wonders.com\/es\/wp-json\/wp\/v2\/pages"}],"about":[{"href":"https:\/\/visit7wonders.com\/es\/wp-json\/wp\/v2\/types\/page"}],"author":[{"embeddable":true,"href":"https:\/\/visit7wonders.com\/es\/wp-json\/wp\/v2\/users\/3"}],"replies":[{"embeddable":true,"href":"https:\/\/visit7wonders.com\/es\/wp-json\/wp\/v2\/comments?post=2645"}],"version-history":[{"count":14,"href":"https:\/\/visit7wonders.com\/es\/wp-json\/wp\/v2\/pages\/2645\/revisions"}],"predecessor-version":[{"id":10270,"href":"https:\/\/visit7wonders.com\/es\/wp-json\/wp\/v2\/pages\/2645\/revisions\/10270"}],"wp:featuredmedia":[{"embeddable":true,"href":"https:\/\/visit7wonders.com\/es\/wp-json\/wp\/v2\/media\/4367"}],"wp:attachment":[{"href":"https:\/\/visit7wonders.com\/es\/wp-json\/wp\/v2\/media?parent=2645"}],"curies":[{"name":"wp","href":"https:\/\/api.w.org\/{rel}","templated":true}]}}