{"id":2649,"date":"2015-10-05T13:40:02","date_gmt":"2015-10-05T16:40:02","guid":{"rendered":"https:\/\/visit7wonders.com\/?page_id=29"},"modified":"2025-11-05T20:55:30","modified_gmt":"2025-11-05T23:55:30","slug":"puerto-princesa-underground-river","status":"publish","type":"page","link":"https:\/\/visit7wonders.com\/es\/puerto-princesa-underground-river\/","title":{"rendered":"R\u00edo Subterr\u00e1neo De Puerto Princesa"},"content":{"rendered":"<div style=\"display: flex; gap: 0px; padding: 20px; align-items: center\" class=\"page-custom-container\">\n<div style=\"flex: 0 0 159px; text-align:center\" class=\"left-column\">\n        <img decoding=\"async\" src=\"https:\/\/visit7wonders.com\/wp-content\/uploads\/2021\/04\/Sello-PuertoPrincesaR\u00edoSubterr\u00e1neo-159x300.png\" alt=\"Visit7Wonders\">\n    <\/div>\n<div style=\"flex: 1;\" class=\"right-column\">\n<p style=\"font-weight: bold; font-size: 20px; line-height:1.5;\">El Parque Nacional del R\u00edo Subterr\u00e1neo de Puerto Princesa cuenta con un espectacular paisaje k\u00e1rstico de piedra caliza y est\u00e1 situado en la isla de Palawan, Filipinas. Una de las caracter\u00edsticas distintivas de este r\u00edo subterr\u00e1neo es que emerge directamente al mar y su parte inferior est\u00e1 sujeta a las influencias de las mareas. Asimismo, el \u00e1rea representa un h\u00e1bitat importante para la conservaci\u00f3n de la biodiversidad, el sitio contiene un ecosistema completo de \u00abmonta\u00f1a a mar\u00bb y posee algunos de los bosques m\u00e1s importantes de Asia.<\/p>\n<\/p><\/div>\n<\/div>\n<div id=\"metaslider-id-3103\" style=\"width: 100%; margin: 0 auto;\" class=\"ml-slider-3-109-0 metaslider metaslider-flex metaslider-3103 ml-slider ms-theme-default nav-hidden\" role=\"region\" aria-label=\"P. Princesa\" data-height=\"300\" data-width=\"700\">\n    <div id=\"metaslider_container_3103\">\n        <div id=\"metaslider_3103\">\n            <ul class='slides'>\n                <li style=\"display: block; width: 100%;\" class=\"slide-10221 ms-image \" aria-roledescription=\"slide\" data-date=\"2025-11-05 20:47:25\" data-filename=\"Puerto_Princesa_SD79-1400x788-1.jpg\" data-slide-type=\"image\"><img fetchpriority=\"high\" decoding=\"async\" width=\"1400\" height=\"788\" src=\"https:\/\/visit7wonders.com\/wp-content\/uploads\/2021\/08\/Puerto_Princesa_SD79-1400x788-1.jpg\" class=\"slider-3103 slide-10221 msDefaultImage\" alt=\"\" rel=\"\" title=\"Puerto_Princesa_SD79-1400x788\" srcset=\"https:\/\/visit7wonders.com\/wp-content\/uploads\/2021\/08\/Puerto_Princesa_SD79-1400x788-1.jpg 1400w, https:\/\/visit7wonders.com\/wp-content\/uploads\/2021\/08\/Puerto_Princesa_SD79-1400x788-1-300x169.jpg 300w, https:\/\/visit7wonders.com\/wp-content\/uploads\/2021\/08\/Puerto_Princesa_SD79-1400x788-1-1024x576.jpg 1024w, https:\/\/visit7wonders.com\/wp-content\/uploads\/2021\/08\/Puerto_Princesa_SD79-1400x788-1-768x432.jpg 768w, https:\/\/visit7wonders.com\/wp-content\/uploads\/2021\/08\/Puerto_Princesa_SD79-1400x788-1-24x14.jpg 24w, https:\/\/visit7wonders.com\/wp-content\/uploads\/2021\/08\/Puerto_Princesa_SD79-1400x788-1-36x20.jpg 36w, https:\/\/visit7wonders.com\/wp-content\/uploads\/2021\/08\/Puerto_Princesa_SD79-1400x788-1-48x27.jpg 48w\" sizes=\"(max-width: 1400px) 100vw, 1400px\" \/><\/li>\n                <li style=\"display: none; width: 100%;\" class=\"slide-10302 ms-image \" aria-roledescription=\"slide\" data-date=\"2025-11-05 22:02:18\" data-filename=\"puerto-princesa.jpeg\" data-slide-type=\"image\"><img decoding=\"async\" width=\"1537\" height=\"1015\" src=\"https:\/\/visit7wonders.com\/wp-content\/uploads\/2024\/11\/puerto-princesa.jpeg\" class=\"slider-3103 slide-10302 msDefaultImage\" alt=\"\" rel=\"\" title=\"puerto princesa\" srcset=\"https:\/\/visit7wonders.com\/wp-content\/uploads\/2024\/11\/puerto-princesa.jpeg 1537w, https:\/\/visit7wonders.com\/wp-content\/uploads\/2024\/11\/puerto-princesa-350x231.jpeg 350w, https:\/\/visit7wonders.com\/wp-content\/uploads\/2024\/11\/puerto-princesa-1024x676.jpeg 1024w, https:\/\/visit7wonders.com\/wp-content\/uploads\/2024\/11\/puerto-princesa-768x507.jpeg 768w, https:\/\/visit7wonders.com\/wp-content\/uploads\/2024\/11\/puerto-princesa-24x16.jpeg 24w, https:\/\/visit7wonders.com\/wp-content\/uploads\/2024\/11\/puerto-princesa-36x24.jpeg 36w, https:\/\/visit7wonders.com\/wp-content\/uploads\/2024\/11\/puerto-princesa-48x32.jpeg 48w\" sizes=\"(max-width: 1537px) 100vw, 1537px\" \/><\/li>\n                <li style=\"display: none; width: 100%;\" class=\"slide-10222 ms-image \" aria-roledescription=\"slide\" data-date=\"2025-11-05 20:48:39\" data-filename=\"puerto-princesa.jpeg\" data-slide-type=\"image\"><img decoding=\"async\" width=\"1537\" height=\"1015\" src=\"https:\/\/visit7wonders.com\/wp-content\/uploads\/2024\/11\/puerto-princesa.jpeg\" class=\"slider-3103 slide-10222 msDefaultImage\" alt=\"\" rel=\"\" title=\"puerto princesa\" srcset=\"https:\/\/visit7wonders.com\/wp-content\/uploads\/2024\/11\/puerto-princesa.jpeg 1537w, https:\/\/visit7wonders.com\/wp-content\/uploads\/2024\/11\/puerto-princesa-350x231.jpeg 350w, https:\/\/visit7wonders.com\/wp-content\/uploads\/2024\/11\/puerto-princesa-1024x676.jpeg 1024w, https:\/\/visit7wonders.com\/wp-content\/uploads\/2024\/11\/puerto-princesa-768x507.jpeg 768w, https:\/\/visit7wonders.com\/wp-content\/uploads\/2024\/11\/puerto-princesa-24x16.jpeg 24w, https:\/\/visit7wonders.com\/wp-content\/uploads\/2024\/11\/puerto-princesa-36x24.jpeg 36w, https:\/\/visit7wonders.com\/wp-content\/uploads\/2024\/11\/puerto-princesa-48x32.jpeg 48w\" sizes=\"(max-width: 1537px) 100vw, 1537px\" \/><\/li>\n                <li style=\"display: none; width: 100%;\" class=\"slide-10303 ms-image \" aria-roledescription=\"slide\" data-date=\"2025-11-05 22:02:23\" data-filename=\"Puerto_Princesa_SD79-1400x788-1.jpg\" data-slide-type=\"image\"><img loading=\"lazy\" decoding=\"async\" width=\"1400\" height=\"788\" src=\"https:\/\/visit7wonders.com\/wp-content\/uploads\/2021\/12\/Puerto_Princesa_SD79-1400x788-1.jpg\" class=\"slider-3103 slide-10303 msDefaultImage\" alt=\"\" rel=\"\" title=\"Puerto_Princesa_SD79-1400x788\" srcset=\"https:\/\/visit7wonders.com\/wp-content\/uploads\/2021\/12\/Puerto_Princesa_SD79-1400x788-1.jpg 1400w, https:\/\/visit7wonders.com\/wp-content\/uploads\/2021\/12\/Puerto_Princesa_SD79-1400x788-1-300x169.jpg 300w, https:\/\/visit7wonders.com\/wp-content\/uploads\/2021\/12\/Puerto_Princesa_SD79-1400x788-1-1024x576.jpg 1024w, https:\/\/visit7wonders.com\/wp-content\/uploads\/2021\/12\/Puerto_Princesa_SD79-1400x788-1-768x432.jpg 768w, https:\/\/visit7wonders.com\/wp-content\/uploads\/2021\/12\/Puerto_Princesa_SD79-1400x788-1-24x14.jpg 24w, https:\/\/visit7wonders.com\/wp-content\/uploads\/2021\/12\/Puerto_Princesa_SD79-1400x788-1-36x20.jpg 36w, https:\/\/visit7wonders.com\/wp-content\/uploads\/2021\/12\/Puerto_Princesa_SD79-1400x788-1-48x27.jpg 48w\" sizes=\"(max-width: 1400px) 100vw, 1400px\" \/><\/li>\n                <li style=\"display: none; width: 100%;\" class=\"slide-10223 ms-image \" aria-roledescription=\"slide\" data-date=\"2025-11-05 20:49:22\" data-filename=\"Puerto-Princesa-Underground-River-2016.jpg\" data-slide-type=\"image\"><img loading=\"lazy\" decoding=\"async\" width=\"1600\" height=\"1064\" src=\"https:\/\/visit7wonders.com\/wp-content\/uploads\/2020\/04\/Puerto-Princesa-Underground-River-2016.jpg\" class=\"slider-3103 slide-10223 msDefaultImage\" alt=\"\" rel=\"\" title=\"Puerto-Princesa-Underground-River-2016\" \/><\/li>\n                <li style=\"display: none; width: 100%;\" class=\"slide-10304 ms-image \" aria-roledescription=\"slide\" data-date=\"2025-11-05 22:02:31\" data-filename=\"Puerto-Princesa-Underground-River-20170.jpg\" data-slide-type=\"image\"><img loading=\"lazy\" decoding=\"async\" width=\"1600\" height=\"704\" src=\"https:\/\/visit7wonders.com\/wp-content\/uploads\/2020\/04\/Puerto-Princesa-Underground-River-20170.jpg\" class=\"slider-3103 slide-10304 msDefaultImage\" alt=\"\" rel=\"\" title=\"Puerto-Princesa-Underground-River-20170\" srcset=\"https:\/\/visit7wonders.com\/wp-content\/uploads\/2020\/04\/Puerto-Princesa-Underground-River-20170.jpg 1600w, https:\/\/visit7wonders.com\/wp-content\/uploads\/2020\/04\/Puerto-Princesa-Underground-River-20170-300x132.jpg 300w, https:\/\/visit7wonders.com\/wp-content\/uploads\/2020\/04\/Puerto-Princesa-Underground-River-20170-1024x451.jpg 1024w, https:\/\/visit7wonders.com\/wp-content\/uploads\/2020\/04\/Puerto-Princesa-Underground-River-20170-768x338.jpg 768w, https:\/\/visit7wonders.com\/wp-content\/uploads\/2020\/04\/Puerto-Princesa-Underground-River-20170-1536x676.jpg 1536w, https:\/\/visit7wonders.com\/wp-content\/uploads\/2020\/04\/Puerto-Princesa-Underground-River-20170-24x11.jpg 24w, https:\/\/visit7wonders.com\/wp-content\/uploads\/2020\/04\/Puerto-Princesa-Underground-River-20170-36x16.jpg 36w, https:\/\/visit7wonders.com\/wp-content\/uploads\/2020\/04\/Puerto-Princesa-Underground-River-20170-48x21.jpg 48w\" sizes=\"(max-width: 1600px) 100vw, 1600px\" \/><\/li>\n            <\/ul>\n        <\/div>\n        \n    <\/div>\n<\/div>\n","protected":false},"excerpt":{"rendered":"<p>El Parque Nacional del R\u00edo Subterr\u00e1neo de Puerto Princesa cuenta con un espectacular paisaje k\u00e1rstico de piedra caliza y est\u00e1 situado en la isla de&hellip;<\/p>\n","protected":false},"author":3,"featured_media":4505,"parent":0,"menu_order":0,"comment_status":"closed","ping_status":"closed","template":"","meta":{"footnotes":""},"class_list":["post-2649","page","type-page","status-publish","has-post-thumbnail","hentry"],"_links":{"self":[{"href":"https:\/\/visit7wonders.com\/es\/wp-json\/wp\/v2\/pages\/2649","targetHints":{"allow":["GET"]}}],"collection":[{"href":"https:\/\/visit7wonders.com\/es\/wp-json\/wp\/v2\/pages"}],"about":[{"href":"https:\/\/visit7wonders.com\/es\/wp-json\/wp\/v2\/types\/page"}],"author":[{"embeddable":true,"href":"https:\/\/visit7wonders.com\/es\/wp-json\/wp\/v2\/users\/3"}],"replies":[{"embeddable":true,"href":"https:\/\/visit7wonders.com\/es\/wp-json\/wp\/v2\/comments?post=2649"}],"version-history":[{"count":21,"href":"https:\/\/visit7wonders.com\/es\/wp-json\/wp\/v2\/pages\/2649\/revisions"}],"predecessor-version":[{"id":10225,"href":"https:\/\/visit7wonders.com\/es\/wp-json\/wp\/v2\/pages\/2649\/revisions\/10225"}],"wp:featuredmedia":[{"embeddable":true,"href":"https:\/\/visit7wonders.com\/es\/wp-json\/wp\/v2\/media\/4505"}],"wp:attachment":[{"href":"https:\/\/visit7wonders.com\/es\/wp-json\/wp\/v2\/media?parent=2649"}],"curies":[{"name":"wp","href":"https:\/\/api.w.org\/{rel}","templated":true}]}}