{"id":2657,"date":"2015-10-24T14:40:36","date_gmt":"2015-10-24T17:40:36","guid":{"rendered":"https:\/\/visit7wonders.com\/?page_id=33"},"modified":"2025-11-05T21:17:18","modified_gmt":"2025-11-06T00:17:18","slug":"table-mountain","status":"publish","type":"page","link":"https:\/\/visit7wonders.com\/es\/table-mountain\/","title":{"rendered":"Monta\u00f1a De La Mesa"},"content":{"rendered":"<div style=\"display: flex; gap: 0px; padding: 20px; align-items: center\" class=\"page-custom-container\">\n<div style=\"flex: 0 0 159px; text-align:center\" class=\"left-column\">\n        <img decoding=\"async\" src=\"https:\/\/visit7wonders.com\/wp-content\/uploads\/2021\/03\/Sello-Monta\u00f1adelaMesa-159x300.png\" alt=\"Visit7Wonders\">\n    <\/div>\n<div style=\"flex: 1;\" class=\"right-column\">\n<p style=\"font-weight: bold; font-size: 20px; line-height:1.5;\">El Parque Nacional Monta\u00f1a de la Mesa, que protege por completo a la Pen\u00ednsula del Cabo, combina monta\u00f1as espectaculares con un escenario oce\u00e1nico de flora y fauna \u00fanicas: m\u00e1s de 2.000 especies de plantas hacen al Reino Floral del Cabo.<br \/>\nHay \u00e1reas designadas para circular con perros, para hacer mountain biking, escalada, ala delta y parapente, pick-nick y pesca. El buceo y el surf son otras actividades que se pueden probar en el parque. Adem\u00e1s, los visitantes pueden subirse al famoso telef\u00e9rico hasta lo m\u00e1s alto de la Monta\u00f1a De La Mesa, donde las vistas son asombrosas. Hay muchos centros de informaci\u00f3n en la estaci\u00f3n del telef\u00e9rico y en el Cabe Point.<\/p>\n<\/p><\/div>\n<\/div>\n<div id=\"metaslider-id-3114\" style=\"width: 100%; margin: 0 auto;\" class=\"ml-slider-3-108-0 metaslider metaslider-flex metaslider-3114 ml-slider ms-theme-default nav-hidden\" role=\"region\" aria-label=\"Table Mountain\" data-height=\"300\" data-width=\"700\">\n    <div id=\"metaslider_container_3114\">\n        <div id=\"metaslider_3114\">\n            <ul class='slides'>\n                <li style=\"display: block; width: 100%;\" class=\"slide-3116 ms-image \" aria-roledescription=\"slide\" data-date=\"2020-03-06 19:33:16\" data-filename=\"Monta\u00f1a-de-la-Mesa21.jpg\" data-slide-type=\"image\"><img fetchpriority=\"high\" decoding=\"async\" width=\"1600\" height=\"968\" src=\"https:\/\/visit7wonders.com\/wp-content\/uploads\/2015\/10\/Monta\u00f1a-de-la-Mesa21.jpg\" class=\"slider-3114 slide-3116 msDefaultImage\" alt=\"\" rel=\"\" title=\"Monta\u00f1a-de-la-Mesa21\" srcset=\"https:\/\/visit7wonders.com\/wp-content\/uploads\/2015\/10\/Monta\u00f1a-de-la-Mesa21.jpg 1600w, https:\/\/visit7wonders.com\/wp-content\/uploads\/2015\/10\/Monta\u00f1a-de-la-Mesa21-300x182.jpg 300w, https:\/\/visit7wonders.com\/wp-content\/uploads\/2015\/10\/Monta\u00f1a-de-la-Mesa21-1024x620.jpg 1024w, https:\/\/visit7wonders.com\/wp-content\/uploads\/2015\/10\/Monta\u00f1a-de-la-Mesa21-768x465.jpg 768w, https:\/\/visit7wonders.com\/wp-content\/uploads\/2015\/10\/Monta\u00f1a-de-la-Mesa21-1536x929.jpg 1536w, https:\/\/visit7wonders.com\/wp-content\/uploads\/2015\/10\/Monta\u00f1a-de-la-Mesa21-24x15.jpg 24w, https:\/\/visit7wonders.com\/wp-content\/uploads\/2015\/10\/Monta\u00f1a-de-la-Mesa21-36x22.jpg 36w, https:\/\/visit7wonders.com\/wp-content\/uploads\/2015\/10\/Monta\u00f1a-de-la-Mesa21-48x29.jpg 48w\" sizes=\"(max-width: 1600px) 100vw, 1600px\" \/><\/li>\n                <li style=\"display: none; width: 100%;\" class=\"slide-3115 ms-image \" aria-roledescription=\"slide\" data-date=\"2020-03-06 19:33:15\" data-filename=\"Monta\u00f1a-de-la-Mesa-1.jpg\" data-slide-type=\"image\"><img decoding=\"async\" width=\"700\" height=\"300\" src=\"https:\/\/visit7wonders.com\/wp-content\/uploads\/2015\/10\/Monta\u00f1a-de-la-Mesa-1.jpg\" class=\"slider-3114 slide-3115 msDefaultImage\" alt=\"\" rel=\"\" title=\"Monta\u00f1a de la Mesa\" srcset=\"https:\/\/visit7wonders.com\/wp-content\/uploads\/2015\/10\/Monta\u00f1a-de-la-Mesa-1.jpg 700w, https:\/\/visit7wonders.com\/wp-content\/uploads\/2015\/10\/Monta\u00f1a-de-la-Mesa-1-300x129.jpg 300w, https:\/\/visit7wonders.com\/wp-content\/uploads\/2015\/10\/Monta\u00f1a-de-la-Mesa-1-24x10.jpg 24w, https:\/\/visit7wonders.com\/wp-content\/uploads\/2015\/10\/Monta\u00f1a-de-la-Mesa-1-36x15.jpg 36w, https:\/\/visit7wonders.com\/wp-content\/uploads\/2015\/10\/Monta\u00f1a-de-la-Mesa-1-48x21.jpg 48w\" sizes=\"(max-width: 700px) 100vw, 700px\" \/><\/li>\n                <li style=\"display: none; width: 100%;\" class=\"slide-3117 ms-image \" aria-roledescription=\"slide\" data-date=\"2020-03-06 19:33:32\" data-filename=\"table-mountain-1488573.jpg\" data-slide-type=\"image\"><img decoding=\"async\" width=\"1600\" height=\"1200\" src=\"https:\/\/visit7wonders.com\/wp-content\/uploads\/2015\/10\/table-mountain-1488573.jpg\" class=\"slider-3114 slide-3117 msDefaultImage\" alt=\"\" rel=\"\" title=\"table-mountain-1488573\" srcset=\"https:\/\/visit7wonders.com\/wp-content\/uploads\/2015\/10\/table-mountain-1488573.jpg 1600w, https:\/\/visit7wonders.com\/wp-content\/uploads\/2015\/10\/table-mountain-1488573-300x225.jpg 300w, https:\/\/visit7wonders.com\/wp-content\/uploads\/2015\/10\/table-mountain-1488573-1024x768.jpg 1024w, https:\/\/visit7wonders.com\/wp-content\/uploads\/2015\/10\/table-mountain-1488573-768x576.jpg 768w, https:\/\/visit7wonders.com\/wp-content\/uploads\/2015\/10\/table-mountain-1488573-1536x1152.jpg 1536w, https:\/\/visit7wonders.com\/wp-content\/uploads\/2015\/10\/table-mountain-1488573-24x18.jpg 24w, https:\/\/visit7wonders.com\/wp-content\/uploads\/2015\/10\/table-mountain-1488573-36x27.jpg 36w, https:\/\/visit7wonders.com\/wp-content\/uploads\/2015\/10\/table-mountain-1488573-48x36.jpg 48w\" sizes=\"(max-width: 1600px) 100vw, 1600px\" \/><\/li>\n            <\/ul>\n        <\/div>\n        \n    <\/div>\n<\/div>\n","protected":false},"excerpt":{"rendered":"<p>El Parque Nacional Monta\u00f1a de la Mesa, que protege por completo a la Pen\u00ednsula del Cabo, combina monta\u00f1as espectaculares con un escenario oce\u00e1nico de flora&hellip;<\/p>\n","protected":false},"author":3,"featured_media":4583,"parent":0,"menu_order":0,"comment_status":"closed","ping_status":"closed","template":"","meta":{"footnotes":""},"class_list":["post-2657","page","type-page","status-publish","has-post-thumbnail","hentry"],"_links":{"self":[{"href":"https:\/\/visit7wonders.com\/es\/wp-json\/wp\/v2\/pages\/2657","targetHints":{"allow":["GET"]}}],"collection":[{"href":"https:\/\/visit7wonders.com\/es\/wp-json\/wp\/v2\/pages"}],"about":[{"href":"https:\/\/visit7wonders.com\/es\/wp-json\/wp\/v2\/types\/page"}],"author":[{"embeddable":true,"href":"https:\/\/visit7wonders.com\/es\/wp-json\/wp\/v2\/users\/3"}],"replies":[{"embeddable":true,"href":"https:\/\/visit7wonders.com\/es\/wp-json\/wp\/v2\/comments?post=2657"}],"version-history":[{"count":17,"href":"https:\/\/visit7wonders.com\/es\/wp-json\/wp\/v2\/pages\/2657\/revisions"}],"predecessor-version":[{"id":10248,"href":"https:\/\/visit7wonders.com\/es\/wp-json\/wp\/v2\/pages\/2657\/revisions\/10248"}],"wp:featuredmedia":[{"embeddable":true,"href":"https:\/\/visit7wonders.com\/es\/wp-json\/wp\/v2\/media\/4583"}],"wp:attachment":[{"href":"https:\/\/visit7wonders.com\/es\/wp-json\/wp\/v2\/media?parent=2657"}],"curies":[{"name":"wp","href":"https:\/\/api.w.org\/{rel}","templated":true}]}}