{"id":4966,"date":"2020-05-14T11:01:56","date_gmt":"2020-05-14T14:01:56","guid":{"rendered":"https:\/\/visit7wonders.com\/?page_id=4966"},"modified":"2022-09-30T11:51:12","modified_gmt":"2022-09-30T14:51:12","slug":"subscribe-to-newsletter","status":"publish","type":"page","link":"https:\/\/visit7wonders.com\/es\/subscribe-to-newsletter\/","title":{"rendered":"Suscribirse al bolet\u00edn"},"content":{"rendered":"<p>Noticias al respecto de viajes, turismo e inversi\u00f3n de las Nuevas 7 Maravillas Oficiales del Mundo y las Nuevas 7 Maravillas Oficiales de la Naturaleza. Ent\u00e9rate de todo esto y mucho m\u00e1s en el bolet\u00edn mensual unificado que combina las plataformas Visit7Wonders, Invest7Wonders y 7WondersTravel.<\/p>\n<p>&nbsp;<\/p>\n<script>(function() {\n\twindow.mc4wp = window.mc4wp || {\n\t\tlisteners: [],\n\t\tforms: {\n\t\t\ton: function(evt, cb) {\n\t\t\t\twindow.mc4wp.listeners.push(\n\t\t\t\t\t{\n\t\t\t\t\t\tevent   : evt,\n\t\t\t\t\t\tcallback: cb\n\t\t\t\t\t}\n\t\t\t\t);\n\t\t\t}\n\t\t}\n\t}\n})();\n<\/script><!-- Mailchimp for WordPress v4.12.1 - https:\/\/wordpress.org\/plugins\/mailchimp-for-wp\/ --><form id=\"mc4wp-form-1\" class=\"mc4wp-form mc4wp-form-4904 mc4wp-form-theme mc4wp-form-theme-dark\" method=\"post\" data-id=\"4904\" data-name=\"Subscribe to newsletter\" ><div class=\"mc4wp-form-fields\"><p>\r\n    <label>First Name \/ Nombre<\/label>\r\n    <input type=\"text\" name=\"FNAME\" required=\"\">\r\n<\/p>\r\n<p>\r\n    <label>Last Name \/ Apellido<\/label>\r\n    <input type=\"text\" name=\"LNAME\" required=\"\">\r\n<\/p>\r\n<p>\r\n\t<label>Email Address \/ Correo Electr\u00f3nico\r\n      <input type=\"email\" name=\"EMAIL\" required \/>\r\n<\/label>\r\n<\/p>\r\n<p>\r\n\t<input type=\"submit\" value= \"Subscribe\" \/>\r\n<\/p>\r\n\r\n<\/div><label style=\"display: none !important;\">Deja vac\u00edo este campo si eres humano: <input type=\"text\" name=\"_mc4wp_honeypot\" value=\"\" tabindex=\"-1\" autocomplete=\"off\" \/><\/label><input type=\"hidden\" name=\"_mc4wp_timestamp\" value=\"1776364851\" \/><input type=\"hidden\" name=\"_mc4wp_form_id\" value=\"4904\" \/><input type=\"hidden\" name=\"_mc4wp_form_element_id\" value=\"mc4wp-form-1\" \/><div class=\"mc4wp-response\"><\/div><\/form><!-- \/ Mailchimp for WordPress Plugin -->\n<p>&nbsp;<\/p>\n<p><a href=\"https:\/\/visit7wonders.com\/wp-content\/uploads\/2022\/09\/POLI\u0301TICA-DE-PRIVACIDAD-Newsletters-V7W.pdf\" target=\"_blank\" rel=\"noopener\">T\u00e9rminos, condiciones y pol\u00edticas de privacidad<\/a><\/p>\n","protected":false},"excerpt":{"rendered":"<p>Noticias al respecto de viajes, turismo e inversi\u00f3n de las Nuevas 7 Maravillas Oficiales del Mundo y las Nuevas 7 Maravillas Oficiales de la Naturaleza.&hellip;<\/p>\n","protected":false},"author":1,"featured_media":0,"parent":0,"menu_order":0,"comment_status":"closed","ping_status":"closed","template":"","meta":{"footnotes":""},"class_list":["post-4966","page","type-page","status-publish","hentry"],"_links":{"self":[{"href":"https:\/\/visit7wonders.com\/es\/wp-json\/wp\/v2\/pages\/4966","targetHints":{"allow":["GET"]}}],"collection":[{"href":"https:\/\/visit7wonders.com\/es\/wp-json\/wp\/v2\/pages"}],"about":[{"href":"https:\/\/visit7wonders.com\/es\/wp-json\/wp\/v2\/types\/page"}],"author":[{"embeddable":true,"href":"https:\/\/visit7wonders.com\/es\/wp-json\/wp\/v2\/users\/1"}],"replies":[{"embeddable":true,"href":"https:\/\/visit7wonders.com\/es\/wp-json\/wp\/v2\/comments?post=4966"}],"version-history":[{"count":11,"href":"https:\/\/visit7wonders.com\/es\/wp-json\/wp\/v2\/pages\/4966\/revisions"}],"predecessor-version":[{"id":7464,"href":"https:\/\/visit7wonders.com\/es\/wp-json\/wp\/v2\/pages\/4966\/revisions\/7464"}],"wp:attachment":[{"href":"https:\/\/visit7wonders.com\/es\/wp-json\/wp\/v2\/media?parent=4966"}],"curies":[{"name":"wp","href":"https:\/\/api.w.org\/{rel}","templated":true}]}}