{"id":4988,"date":"2015-10-05T13:56:34","date_gmt":"2015-10-05T16:56:34","guid":{"rendered":"https:\/\/visit7wonders.com\/?page_id=50"},"modified":"2025-11-05T21:56:51","modified_gmt":"2025-11-06T00:56:51","slug":"chichen-itza-5","status":"publish","type":"page","link":"https:\/\/visit7wonders.com\/es\/chichen-itza-5\/","title":{"rendered":"Chich\u00e9n Itz\u00e1"},"content":{"rendered":"<div style=\"display: flex; gap: 0px; padding: 20px; align-items: center\" class=\"page-custom-container\">\n<div style=\"flex: 0 0 159px; text-align:center\" class=\"left-column\">\n        <img decoding=\"async\" src=\"https:\/\/visit7wonders.com\/wp-content\/uploads\/2021\/04\/Sello-Chich\u00e9nItz\u00e1-1-159x300.png\">\n    <\/div>\n<div style=\"flex: 1;\" class=\"right-column\">\n<p style=\"font-weight: bold; font-size: 20px; line-height:1.5;\">Chich\u00e9n Itz\u00e1, el m\u00e1s famoso templo de la ciudad maya, fue el centro pol\u00edtico y econ\u00f3mico de la civilizaci\u00f3n maya. Sus estructuras variadas (la pir\u00e1mide de Kukulkan, el Templo de los Guerreros, las Mil Columnas, el Gran Juego de Pelota) pueden ser vistos a\u00fan hoy como una demostraci\u00f3n de un extraordinario compromiso por el espacio arquitect\u00f3nico y la composici\u00f3n. La pir\u00e1mide misma es la \u00faltima, y posiblemente la m\u00e1s importante, de todos los templos mayas.\n<\/p>\n<\/p><\/div>\n<\/div>\n<div id=\"metaslider-id-3025\" style=\"width: 100%; margin: 0 auto;\" class=\"ml-slider-3-108-0 metaslider metaslider-flex metaslider-3025 ml-slider ms-theme-default nav-hidden\" role=\"region\" aria-label=\"chichen-itza\" data-height=\"300\" data-width=\"700\">\n    <div id=\"metaslider_container_3025\">\n        <div id=\"metaslider_3025\">\n            <ul class='slides'>\n                <li style=\"display: block; width: 100%;\" class=\"slide-10297 ms-image \" aria-roledescription=\"slide\" data-date=\"2025-11-05 21:57:35\" data-filename=\"Chichen-Itza.jpeg\" data-slide-type=\"image\"><img fetchpriority=\"high\" decoding=\"async\" width=\"1880\" height=\"1253\" src=\"https:\/\/visit7wonders.com\/wp-content\/uploads\/2021\/06\/Chichen-Itza.jpeg\" class=\"slider-3025 slide-10297 msDefaultImage\" alt=\"\" rel=\"\" title=\"Chichen Itza\" srcset=\"https:\/\/visit7wonders.com\/wp-content\/uploads\/2021\/06\/Chichen-Itza.jpeg 1880w, https:\/\/visit7wonders.com\/wp-content\/uploads\/2021\/06\/Chichen-Itza-300x200.jpeg 300w, https:\/\/visit7wonders.com\/wp-content\/uploads\/2021\/06\/Chichen-Itza-1024x682.jpeg 1024w, https:\/\/visit7wonders.com\/wp-content\/uploads\/2021\/06\/Chichen-Itza-768x512.jpeg 768w, https:\/\/visit7wonders.com\/wp-content\/uploads\/2021\/06\/Chichen-Itza-1536x1024.jpeg 1536w, https:\/\/visit7wonders.com\/wp-content\/uploads\/2021\/06\/Chichen-Itza-24x16.jpeg 24w, https:\/\/visit7wonders.com\/wp-content\/uploads\/2021\/06\/Chichen-Itza-36x24.jpeg 36w, https:\/\/visit7wonders.com\/wp-content\/uploads\/2021\/06\/Chichen-Itza-48x32.jpeg 48w, https:\/\/visit7wonders.com\/wp-content\/uploads\/2021\/06\/Chichen-Itza-272x182.jpeg 272w\" sizes=\"(max-width: 1880px) 100vw, 1880px\" \/><\/li>\n                <li style=\"display: none; width: 100%;\" class=\"slide-10298 ms-image \" aria-roledescription=\"slide\" data-date=\"2025-11-05 21:57:42\" data-filename=\"chichen-itza1.jpeg\" data-slide-type=\"image\"><img decoding=\"async\" width=\"1880\" height=\"1058\" src=\"https:\/\/visit7wonders.com\/wp-content\/uploads\/2021\/02\/chichen-itza1.jpeg\" class=\"slider-3025 slide-10298 msDefaultImage\" alt=\"\" rel=\"\" title=\"chichen itza1\" srcset=\"https:\/\/visit7wonders.com\/wp-content\/uploads\/2021\/02\/chichen-itza1.jpeg 1880w, https:\/\/visit7wonders.com\/wp-content\/uploads\/2021\/02\/chichen-itza1-300x169.jpeg 300w, https:\/\/visit7wonders.com\/wp-content\/uploads\/2021\/02\/chichen-itza1-1024x576.jpeg 1024w, https:\/\/visit7wonders.com\/wp-content\/uploads\/2021\/02\/chichen-itza1-768x432.jpeg 768w, https:\/\/visit7wonders.com\/wp-content\/uploads\/2021\/02\/chichen-itza1-1536x864.jpeg 1536w, https:\/\/visit7wonders.com\/wp-content\/uploads\/2021\/02\/chichen-itza1-24x14.jpeg 24w, https:\/\/visit7wonders.com\/wp-content\/uploads\/2021\/02\/chichen-itza1-36x20.jpeg 36w, https:\/\/visit7wonders.com\/wp-content\/uploads\/2021\/02\/chichen-itza1-48x27.jpeg 48w\" sizes=\"(max-width: 1880px) 100vw, 1880px\" \/><\/li>\n            <\/ul>\n        <\/div>\n        \n    <\/div>\n<\/div>\n","protected":false},"excerpt":{"rendered":"<p>Chich\u00e9n Itz\u00e1, el m\u00e1s famoso templo de la ciudad maya, fue el centro pol\u00edtico y econ\u00f3mico de la civilizaci\u00f3n maya. Sus estructuras variadas (la pir\u00e1mide&hellip;<\/p>\n","protected":false},"author":3,"featured_media":5874,"parent":0,"menu_order":0,"comment_status":"closed","ping_status":"closed","template":"","meta":{"footnotes":""},"class_list":["post-4988","page","type-page","status-publish","has-post-thumbnail","hentry"],"_links":{"self":[{"href":"https:\/\/visit7wonders.com\/es\/wp-json\/wp\/v2\/pages\/4988","targetHints":{"allow":["GET"]}}],"collection":[{"href":"https:\/\/visit7wonders.com\/es\/wp-json\/wp\/v2\/pages"}],"about":[{"href":"https:\/\/visit7wonders.com\/es\/wp-json\/wp\/v2\/types\/page"}],"author":[{"embeddable":true,"href":"https:\/\/visit7wonders.com\/es\/wp-json\/wp\/v2\/users\/3"}],"replies":[{"embeddable":true,"href":"https:\/\/visit7wonders.com\/es\/wp-json\/wp\/v2\/comments?post=4988"}],"version-history":[{"count":14,"href":"https:\/\/visit7wonders.com\/es\/wp-json\/wp\/v2\/pages\/4988\/revisions"}],"predecessor-version":[{"id":10296,"href":"https:\/\/visit7wonders.com\/es\/wp-json\/wp\/v2\/pages\/4988\/revisions\/10296"}],"wp:featuredmedia":[{"embeddable":true,"href":"https:\/\/visit7wonders.com\/es\/wp-json\/wp\/v2\/media\/5874"}],"wp:attachment":[{"href":"https:\/\/visit7wonders.com\/es\/wp-json\/wp\/v2\/media?parent=4988"}],"curies":[{"name":"wp","href":"https:\/\/api.w.org\/{rel}","templated":true}]}}