{"id":4996,"date":"2015-10-05T13:38:03","date_gmt":"2015-10-05T16:38:03","guid":{"rendered":"https:\/\/visit7wonders.com\/?page_id=25"},"modified":"2025-11-05T21:02:51","modified_gmt":"2025-11-06T00:02:51","slug":"komodo-4","status":"publish","type":"page","link":"https:\/\/visit7wonders.com\/es\/komodo-4\/","title":{"rendered":"Komodo"},"content":{"rendered":"<div style=\"display: flex; gap: 0px; padding: 20px; align-items: center\" class=\"page-custom-container\">\n<div style=\"flex: 0 0 159px; text-align:center\" class=\"left-column\">\n        <img decoding=\"async\" src=\"https:\/\/visit7wonders.com\/wp-content\/uploads\/2021\/04\/Sello-Komodo-1-159x300.png\" alt=\"Visit7Wonders\">\n    <\/div>\n<div style=\"flex: 1;\" class=\"right-column\">\n<p style=\"font-weight: bold; font-size: 20px; line-height:1.5;\">Estas islas volc\u00e1nicas se encuentran habitadas por una poblaci\u00f3n de aproximadamente 5.700 lagartijas gigantes, cuya apariencia y comportamiento agresivo les ha dado el nombre de Dragones de Komodo. Esta especie \u00fanica no existe en otro lugar del mundo y es de gran inter\u00e9s para los cient\u00edficos que estudian la teor\u00eda de la evoluci\u00f3n. Las laderas escarpadas de la sabana \u00e1rida y los focos de vegetaci\u00f3n verde espinosa contrastan severamente con la arena blanca de las playas y las aguas azules que ba\u00f1an los corales.<\/p>\n<\/p><\/div>\n<\/div>\n<div id=\"metaslider-id-3091\" style=\"width: 100%; margin: 0 auto;\" class=\"ml-slider-3-108-0 metaslider metaslider-flex metaslider-3091 ml-slider ms-theme-default nav-hidden\" role=\"region\" aria-label=\"Komodo\" data-height=\"300\" data-width=\"700\">\n    <div id=\"metaslider_container_3091\">\n        <div id=\"metaslider_3091\">\n            <ul class='slides'>\n                <li style=\"display: block; width: 100%;\" class=\"slide-10233 ms-image \" aria-roledescription=\"slide\" data-date=\"2025-11-05 21:03:27\" data-filename=\"Komodo-Island-scaled.jpg\" data-slide-type=\"image\"><img fetchpriority=\"high\" decoding=\"async\" width=\"2560\" height=\"1707\" src=\"https:\/\/visit7wonders.com\/wp-content\/uploads\/2025\/10\/Komodo-Island-scaled.jpg\" class=\"slider-3091 slide-10233 msDefaultImage\" alt=\"Komodo-Island\" rel=\"\" title=\"Komodo-Island\" srcset=\"https:\/\/visit7wonders.com\/wp-content\/uploads\/2025\/10\/Komodo-Island-scaled.jpg 2560w, https:\/\/visit7wonders.com\/wp-content\/uploads\/2025\/10\/Komodo-Island-350x233.jpg 350w, https:\/\/visit7wonders.com\/wp-content\/uploads\/2025\/10\/Komodo-Island-1024x683.jpg 1024w, https:\/\/visit7wonders.com\/wp-content\/uploads\/2025\/10\/Komodo-Island-768x512.jpg 768w, https:\/\/visit7wonders.com\/wp-content\/uploads\/2025\/10\/Komodo-Island-1536x1024.jpg 1536w, https:\/\/visit7wonders.com\/wp-content\/uploads\/2025\/10\/Komodo-Island-2048x1365.jpg 2048w\" sizes=\"(max-width: 2560px) 100vw, 2560px\" \/><\/li>\n                <li style=\"display: none; width: 100%;\" class=\"slide-10305 ms-image \" aria-roledescription=\"slide\" data-date=\"2025-11-05 22:03:36\" data-filename=\"Komodo-Island-scaled.jpg\" data-slide-type=\"image\"><img decoding=\"async\" width=\"2560\" height=\"1707\" src=\"https:\/\/visit7wonders.com\/wp-content\/uploads\/2025\/10\/Komodo-Island-scaled.jpg\" class=\"slider-3091 slide-10305 msDefaultImage\" alt=\"Komodo-Island\" rel=\"\" title=\"Komodo-Island\" srcset=\"https:\/\/visit7wonders.com\/wp-content\/uploads\/2025\/10\/Komodo-Island-scaled.jpg 2560w, https:\/\/visit7wonders.com\/wp-content\/uploads\/2025\/10\/Komodo-Island-350x233.jpg 350w, https:\/\/visit7wonders.com\/wp-content\/uploads\/2025\/10\/Komodo-Island-1024x683.jpg 1024w, https:\/\/visit7wonders.com\/wp-content\/uploads\/2025\/10\/Komodo-Island-768x512.jpg 768w, https:\/\/visit7wonders.com\/wp-content\/uploads\/2025\/10\/Komodo-Island-1536x1024.jpg 1536w, https:\/\/visit7wonders.com\/wp-content\/uploads\/2025\/10\/Komodo-Island-2048x1365.jpg 2048w\" sizes=\"(max-width: 2560px) 100vw, 2560px\" \/><\/li>\n                <li style=\"display: none; width: 100%;\" class=\"slide-10234 ms-image \" aria-roledescription=\"slide\" data-date=\"2025-11-05 21:03:35\" data-filename=\"dragon-de-komodo.jpeg\" data-slide-type=\"image\"><img decoding=\"async\" width=\"1920\" height=\"1440\" src=\"https:\/\/visit7wonders.com\/wp-content\/uploads\/2024\/07\/dragon-de-komodo.jpeg\" class=\"slider-3091 slide-10234 msDefaultImage\" alt=\"\" rel=\"\" title=\"dragon de komodo\" srcset=\"https:\/\/visit7wonders.com\/wp-content\/uploads\/2024\/07\/dragon-de-komodo.jpeg 1920w, https:\/\/visit7wonders.com\/wp-content\/uploads\/2024\/07\/dragon-de-komodo-333x250.jpeg 333w, https:\/\/visit7wonders.com\/wp-content\/uploads\/2024\/07\/dragon-de-komodo-1024x768.jpeg 1024w, https:\/\/visit7wonders.com\/wp-content\/uploads\/2024\/07\/dragon-de-komodo-768x576.jpeg 768w, https:\/\/visit7wonders.com\/wp-content\/uploads\/2024\/07\/dragon-de-komodo-1536x1152.jpeg 1536w, https:\/\/visit7wonders.com\/wp-content\/uploads\/2024\/07\/dragon-de-komodo-24x18.jpeg 24w, https:\/\/visit7wonders.com\/wp-content\/uploads\/2024\/07\/dragon-de-komodo-36x27.jpeg 36w, https:\/\/visit7wonders.com\/wp-content\/uploads\/2024\/07\/dragon-de-komodo-48x36.jpeg 48w\" sizes=\"(max-width: 1920px) 100vw, 1920px\" \/><\/li>\n                <li style=\"display: none; width: 100%;\" class=\"slide-10306 ms-image \" aria-roledescription=\"slide\" data-date=\"2025-11-05 22:03:42\" data-filename=\"dragon-de-komodo.jpeg\" data-slide-type=\"image\"><img loading=\"lazy\" decoding=\"async\" width=\"1920\" height=\"1440\" src=\"https:\/\/visit7wonders.com\/wp-content\/uploads\/2024\/07\/dragon-de-komodo.jpeg\" class=\"slider-3091 slide-10306 msDefaultImage\" alt=\"\" rel=\"\" title=\"dragon de komodo\" srcset=\"https:\/\/visit7wonders.com\/wp-content\/uploads\/2024\/07\/dragon-de-komodo.jpeg 1920w, https:\/\/visit7wonders.com\/wp-content\/uploads\/2024\/07\/dragon-de-komodo-333x250.jpeg 333w, https:\/\/visit7wonders.com\/wp-content\/uploads\/2024\/07\/dragon-de-komodo-1024x768.jpeg 1024w, https:\/\/visit7wonders.com\/wp-content\/uploads\/2024\/07\/dragon-de-komodo-768x576.jpeg 768w, https:\/\/visit7wonders.com\/wp-content\/uploads\/2024\/07\/dragon-de-komodo-1536x1152.jpeg 1536w, https:\/\/visit7wonders.com\/wp-content\/uploads\/2024\/07\/dragon-de-komodo-24x18.jpeg 24w, https:\/\/visit7wonders.com\/wp-content\/uploads\/2024\/07\/dragon-de-komodo-36x27.jpeg 36w, https:\/\/visit7wonders.com\/wp-content\/uploads\/2024\/07\/dragon-de-komodo-48x36.jpeg 48w\" sizes=\"(max-width: 1920px) 100vw, 1920px\" \/><\/li>\n                <li style=\"display: none; width: 100%;\" class=\"slide-10235 ms-image \" aria-roledescription=\"slide\" data-date=\"2025-11-05 21:04:03\" data-filename=\"komodoisland0.jpg\" data-slide-type=\"image\"><img loading=\"lazy\" decoding=\"async\" width=\"1366\" height=\"768\" src=\"https:\/\/visit7wonders.com\/wp-content\/uploads\/2020\/04\/komodoisland0.jpg\" class=\"slider-3091 slide-10235 msDefaultImage\" alt=\"\" rel=\"\" title=\"komodoisland0\" srcset=\"https:\/\/visit7wonders.com\/wp-content\/uploads\/2020\/04\/komodoisland0.jpg 1366w, https:\/\/visit7wonders.com\/wp-content\/uploads\/2020\/04\/komodoisland0-300x169.jpg 300w, https:\/\/visit7wonders.com\/wp-content\/uploads\/2020\/04\/komodoisland0-1024x576.jpg 1024w, https:\/\/visit7wonders.com\/wp-content\/uploads\/2020\/04\/komodoisland0-768x432.jpg 768w, https:\/\/visit7wonders.com\/wp-content\/uploads\/2020\/04\/komodoisland0-24x13.jpg 24w, https:\/\/visit7wonders.com\/wp-content\/uploads\/2020\/04\/komodoisland0-36x20.jpg 36w, https:\/\/visit7wonders.com\/wp-content\/uploads\/2020\/04\/komodoisland0-48x27.jpg 48w\" sizes=\"(max-width: 1366px) 100vw, 1366px\" \/><\/li>\n                <li style=\"display: none; width: 100%;\" class=\"slide-10307 ms-image \" aria-roledescription=\"slide\" data-date=\"2025-11-05 22:03:53\" data-filename=\"komodoisland0.jpg\" data-slide-type=\"image\"><img loading=\"lazy\" decoding=\"async\" width=\"1366\" height=\"768\" src=\"https:\/\/visit7wonders.com\/wp-content\/uploads\/2020\/04\/komodoisland0.jpg\" class=\"slider-3091 slide-10307 msDefaultImage\" alt=\"\" rel=\"\" title=\"komodoisland0\" srcset=\"https:\/\/visit7wonders.com\/wp-content\/uploads\/2020\/04\/komodoisland0.jpg 1366w, https:\/\/visit7wonders.com\/wp-content\/uploads\/2020\/04\/komodoisland0-300x169.jpg 300w, https:\/\/visit7wonders.com\/wp-content\/uploads\/2020\/04\/komodoisland0-1024x576.jpg 1024w, https:\/\/visit7wonders.com\/wp-content\/uploads\/2020\/04\/komodoisland0-768x432.jpg 768w, https:\/\/visit7wonders.com\/wp-content\/uploads\/2020\/04\/komodoisland0-24x13.jpg 24w, https:\/\/visit7wonders.com\/wp-content\/uploads\/2020\/04\/komodoisland0-36x20.jpg 36w, https:\/\/visit7wonders.com\/wp-content\/uploads\/2020\/04\/komodoisland0-48x27.jpg 48w\" sizes=\"(max-width: 1366px) 100vw, 1366px\" \/><\/li>\n            <\/ul>\n        <\/div>\n        \n    <\/div>\n<\/div>\n","protected":false},"excerpt":{"rendered":"<p>Estas islas volc\u00e1nicas se encuentran habitadas por una poblaci\u00f3n de aproximadamente 5.700 lagartijas gigantes, cuya apariencia y comportamiento agresivo les ha dado el nombre de&hellip;<\/p>\n","protected":false},"author":3,"featured_media":9836,"parent":0,"menu_order":0,"comment_status":"closed","ping_status":"closed","template":"","meta":{"footnotes":""},"class_list":["post-4996","page","type-page","status-publish","has-post-thumbnail","hentry"],"_links":{"self":[{"href":"https:\/\/visit7wonders.com\/es\/wp-json\/wp\/v2\/pages\/4996","targetHints":{"allow":["GET"]}}],"collection":[{"href":"https:\/\/visit7wonders.com\/es\/wp-json\/wp\/v2\/pages"}],"about":[{"href":"https:\/\/visit7wonders.com\/es\/wp-json\/wp\/v2\/types\/page"}],"author":[{"embeddable":true,"href":"https:\/\/visit7wonders.com\/es\/wp-json\/wp\/v2\/users\/3"}],"replies":[{"embeddable":true,"href":"https:\/\/visit7wonders.com\/es\/wp-json\/wp\/v2\/comments?post=4996"}],"version-history":[{"count":17,"href":"https:\/\/visit7wonders.com\/es\/wp-json\/wp\/v2\/pages\/4996\/revisions"}],"predecessor-version":[{"id":10232,"href":"https:\/\/visit7wonders.com\/es\/wp-json\/wp\/v2\/pages\/4996\/revisions\/10232"}],"wp:featuredmedia":[{"embeddable":true,"href":"https:\/\/visit7wonders.com\/es\/wp-json\/wp\/v2\/media\/9836"}],"wp:attachment":[{"href":"https:\/\/visit7wonders.com\/es\/wp-json\/wp\/v2\/media?parent=4996"}],"curies":[{"name":"wp","href":"https:\/\/api.w.org\/{rel}","templated":true}]}}