{"id":5000,"date":"2015-10-05T14:01:51","date_gmt":"2015-10-05T17:01:51","guid":{"rendered":"https:\/\/visit7wonders.com\/?page_id=59"},"modified":"2025-11-05T21:45:16","modified_gmt":"2025-11-06T00:45:16","slug":"petra-3","status":"publish","type":"page","link":"https:\/\/visit7wonders.com\/es\/petra-3\/","title":{"rendered":"Petra"},"content":{"rendered":"<div style=\"display: flex; gap: 0px; padding: 20px; align-items: center\" class=\"page-custom-container\">\n<div style=\"flex: 0 0 159px; text-align:center\" class=\"left-column\">\n        <img decoding=\"async\" src=\"https:\/\/visit7wonders.com\/wp-content\/uploads\/2021\/03\/Sello-Petra-1-159x300.png\">\n    <\/div>\n<div style=\"flex: 1;\" class=\"right-column\">\n<p style=\"font-weight: bold; font-size: 20px; line-height:1.5;\">Al l\u00edmite del Desierto de Arabia, Petra era la reluciente capital del Imperio Nabateo del rey Areta IV (9 A.C. a 40 D.C.) Maestro de la hidrotecnolog\u00eda, los nabateos prove\u00edan a la ciudad con la construcci\u00f3n de grandes t\u00faneles y c\u00e1maras de agua. El teatro de esta ciudad, modelado con prototipos greco-romanos, ten\u00eda espacio para una p\u00fablico de 4.000 personas.\u00a0 Actualmente, las Tumbas del Palacio de Petra, con el templo hel\u00e9nico que se encuentra en el Monasterio El-Deir, cuya fachada mide m\u00e1s de 42 metros de altura , son ejemplos impresionantes de la cultura del Oriente Medio.<\/p>\n<\/p><\/div>\n<\/div>\n<div id=\"metaslider-id-10277\" style=\"width: 100%;\" class=\"ml-slider-3-108-0 metaslider metaslider-flex metaslider-10277 ml-slider ms-theme-default-base nav-hidden\" role=\"region\" aria-label=\"New Petra\" data-height=\"300\" data-width=\"700\">\n    <div id=\"metaslider_container_10277\">\n        <div id=\"metaslider_10277\">\n            <ul aria-live='off' class='slides'>\n                <li style=\"display: block; width: 100%;\" class=\"slide-10283 ms-image \" aria-roledescription=\"slide\" data-date=\"2025-11-05 21:46:11\" data-filename=\"petra-jordania.jpg\" data-slide-type=\"image\"><img fetchpriority=\"high\" decoding=\"async\" width=\"1900\" height=\"831\" src=\"https:\/\/visit7wonders.com\/wp-content\/uploads\/2025\/06\/petra-jordania.jpg\" class=\"slider-10277 slide-10283 msDefaultImage\" alt=\"\" rel=\"\" title=\"petra jordania\" srcset=\"https:\/\/visit7wonders.com\/wp-content\/uploads\/2025\/06\/petra-jordania.jpg 1900w, https:\/\/visit7wonders.com\/wp-content\/uploads\/2025\/06\/petra-jordania-350x153.jpg 350w, https:\/\/visit7wonders.com\/wp-content\/uploads\/2025\/06\/petra-jordania-1024x448.jpg 1024w, https:\/\/visit7wonders.com\/wp-content\/uploads\/2025\/06\/petra-jordania-768x336.jpg 768w, https:\/\/visit7wonders.com\/wp-content\/uploads\/2025\/06\/petra-jordania-1536x672.jpg 1536w, https:\/\/visit7wonders.com\/wp-content\/uploads\/2025\/06\/petra-jordania-24x10.jpg 24w, https:\/\/visit7wonders.com\/wp-content\/uploads\/2025\/06\/petra-jordania-36x16.jpg 36w, https:\/\/visit7wonders.com\/wp-content\/uploads\/2025\/06\/petra-jordania-48x21.jpg 48w\" sizes=\"(max-width: 1900px) 100vw, 1900px\" \/><\/li>\n                <li style=\"display: none; width: 100%;\" class=\"slide-10315 ms-image \" aria-roledescription=\"slide\" data-date=\"2025-11-05 22:08:42\" data-filename=\"petra-jordania.jpg\" data-slide-type=\"image\"><img decoding=\"async\" width=\"1900\" height=\"831\" src=\"https:\/\/visit7wonders.com\/wp-content\/uploads\/2025\/06\/petra-jordania.jpg\" class=\"slider-10277 slide-10315 msDefaultImage\" alt=\"\" rel=\"\" title=\"petra jordania\" srcset=\"https:\/\/visit7wonders.com\/wp-content\/uploads\/2025\/06\/petra-jordania.jpg 1900w, https:\/\/visit7wonders.com\/wp-content\/uploads\/2025\/06\/petra-jordania-350x153.jpg 350w, https:\/\/visit7wonders.com\/wp-content\/uploads\/2025\/06\/petra-jordania-1024x448.jpg 1024w, https:\/\/visit7wonders.com\/wp-content\/uploads\/2025\/06\/petra-jordania-768x336.jpg 768w, https:\/\/visit7wonders.com\/wp-content\/uploads\/2025\/06\/petra-jordania-1536x672.jpg 1536w, https:\/\/visit7wonders.com\/wp-content\/uploads\/2025\/06\/petra-jordania-24x10.jpg 24w, https:\/\/visit7wonders.com\/wp-content\/uploads\/2025\/06\/petra-jordania-36x16.jpg 36w, https:\/\/visit7wonders.com\/wp-content\/uploads\/2025\/06\/petra-jordania-48x21.jpg 48w\" sizes=\"(max-width: 1900px) 100vw, 1900px\" \/><\/li>\n                <li style=\"display: none; width: 100%;\" class=\"slide-10279 ms-image \" aria-roledescription=\"slide\" data-date=\"2025-11-05 21:43:03\" data-filename=\"petra-jordan-scaled.jpeg\" data-slide-type=\"image\"><img decoding=\"async\" width=\"2560\" height=\"1920\" src=\"https:\/\/visit7wonders.com\/wp-content\/uploads\/2024\/04\/petra-jordan-scaled.jpeg\" class=\"slider-10277 slide-10279 msDefaultImage\" alt=\"\" rel=\"\" title=\"petra jordan\" srcset=\"https:\/\/visit7wonders.com\/wp-content\/uploads\/2024\/04\/petra-jordan-scaled.jpeg 2560w, https:\/\/visit7wonders.com\/wp-content\/uploads\/2024\/04\/petra-jordan-333x250.jpeg 333w, https:\/\/visit7wonders.com\/wp-content\/uploads\/2024\/04\/petra-jordan-1024x768.jpeg 1024w, https:\/\/visit7wonders.com\/wp-content\/uploads\/2024\/04\/petra-jordan-768x576.jpeg 768w, https:\/\/visit7wonders.com\/wp-content\/uploads\/2024\/04\/petra-jordan-1536x1152.jpeg 1536w, https:\/\/visit7wonders.com\/wp-content\/uploads\/2024\/04\/petra-jordan-2048x1536.jpeg 2048w, https:\/\/visit7wonders.com\/wp-content\/uploads\/2024\/04\/petra-jordan-24x18.jpeg 24w, https:\/\/visit7wonders.com\/wp-content\/uploads\/2024\/04\/petra-jordan-36x27.jpeg 36w, https:\/\/visit7wonders.com\/wp-content\/uploads\/2024\/04\/petra-jordan-48x36.jpeg 48w\" sizes=\"(max-width: 2560px) 100vw, 2560px\" \/><\/li>\n                <li style=\"display: none; width: 100%;\" class=\"slide-10284 ms-image \" aria-roledescription=\"slide\" data-date=\"2025-11-05 21:46:28\" data-filename=\"petra-jordan-scaled.jpeg\" data-slide-type=\"image\"><img loading=\"lazy\" decoding=\"async\" width=\"2560\" height=\"1920\" src=\"https:\/\/visit7wonders.com\/wp-content\/uploads\/2024\/04\/petra-jordan-scaled.jpeg\" class=\"slider-10277 slide-10284 msDefaultImage\" alt=\"\" rel=\"\" title=\"petra jordan\" srcset=\"https:\/\/visit7wonders.com\/wp-content\/uploads\/2024\/04\/petra-jordan-scaled.jpeg 2560w, https:\/\/visit7wonders.com\/wp-content\/uploads\/2024\/04\/petra-jordan-333x250.jpeg 333w, https:\/\/visit7wonders.com\/wp-content\/uploads\/2024\/04\/petra-jordan-1024x768.jpeg 1024w, https:\/\/visit7wonders.com\/wp-content\/uploads\/2024\/04\/petra-jordan-768x576.jpeg 768w, https:\/\/visit7wonders.com\/wp-content\/uploads\/2024\/04\/petra-jordan-1536x1152.jpeg 1536w, https:\/\/visit7wonders.com\/wp-content\/uploads\/2024\/04\/petra-jordan-2048x1536.jpeg 2048w, https:\/\/visit7wonders.com\/wp-content\/uploads\/2024\/04\/petra-jordan-24x18.jpeg 24w, https:\/\/visit7wonders.com\/wp-content\/uploads\/2024\/04\/petra-jordan-36x27.jpeg 36w, https:\/\/visit7wonders.com\/wp-content\/uploads\/2024\/04\/petra-jordan-48x36.jpeg 48w\" sizes=\"(max-width: 2560px) 100vw, 2560px\" \/><\/li>\n                <li style=\"display: none; width: 100%;\" class=\"slide-10316 ms-image \" aria-roledescription=\"slide\" data-date=\"2025-11-05 22:09:05\" data-filename=\"petra-17\u00b0-aniv.jpeg\" data-slide-type=\"image\"><img loading=\"lazy\" decoding=\"async\" width=\"1451\" height=\"828\" src=\"https:\/\/visit7wonders.com\/wp-content\/uploads\/2024\/10\/petra-17\u00b0-aniv.jpeg\" class=\"slider-10277 slide-10316 msDefaultImage\" alt=\"\" rel=\"\" title=\"petra 17\u00b0 aniv\" srcset=\"https:\/\/visit7wonders.com\/wp-content\/uploads\/2024\/10\/petra-17\u00b0-aniv.jpeg 1451w, https:\/\/visit7wonders.com\/wp-content\/uploads\/2024\/10\/petra-17\u00b0-aniv-350x200.jpeg 350w, https:\/\/visit7wonders.com\/wp-content\/uploads\/2024\/10\/petra-17\u00b0-aniv-1024x584.jpeg 1024w, https:\/\/visit7wonders.com\/wp-content\/uploads\/2024\/10\/petra-17\u00b0-aniv-768x438.jpeg 768w, https:\/\/visit7wonders.com\/wp-content\/uploads\/2024\/10\/petra-17\u00b0-aniv-24x14.jpeg 24w, https:\/\/visit7wonders.com\/wp-content\/uploads\/2024\/10\/petra-17\u00b0-aniv-36x21.jpeg 36w, https:\/\/visit7wonders.com\/wp-content\/uploads\/2024\/10\/petra-17\u00b0-aniv-48x27.jpeg 48w\" sizes=\"(max-width: 1451px) 100vw, 1451px\" \/><\/li>\n                <li style=\"display: none; width: 100%;\" class=\"slide-10280 ms-image \" aria-roledescription=\"slide\" data-date=\"2025-11-05 21:43:21\" data-filename=\"petra.jpg\" data-slide-type=\"image\"><img loading=\"lazy\" decoding=\"async\" width=\"1240\" height=\"699\" src=\"https:\/\/visit7wonders.com\/wp-content\/uploads\/2021\/12\/petra.jpg\" class=\"slider-10277 slide-10280 msDefaultImage\" alt=\"\" rel=\"\" title=\"petra\" srcset=\"https:\/\/visit7wonders.com\/wp-content\/uploads\/2021\/12\/petra.jpg 1240w, https:\/\/visit7wonders.com\/wp-content\/uploads\/2021\/12\/petra-300x169.jpg 300w, https:\/\/visit7wonders.com\/wp-content\/uploads\/2021\/12\/petra-1024x577.jpg 1024w, https:\/\/visit7wonders.com\/wp-content\/uploads\/2021\/12\/petra-768x433.jpg 768w, https:\/\/visit7wonders.com\/wp-content\/uploads\/2021\/12\/petra-24x14.jpg 24w, https:\/\/visit7wonders.com\/wp-content\/uploads\/2021\/12\/petra-36x20.jpg 36w, https:\/\/visit7wonders.com\/wp-content\/uploads\/2021\/12\/petra-48x27.jpg 48w\" sizes=\"(max-width: 1240px) 100vw, 1240px\" \/><\/li>\n            <\/ul>\n        <\/div>\n        \n    <\/div>\n<\/div>\n","protected":false},"excerpt":{"rendered":"<p>Al l\u00edmite del Desierto de Arabia, Petra era la reluciente capital del Imperio Nabateo del rey Areta IV (9 A.C. a 40 D.C.) Maestro de&hellip;<\/p>\n","protected":false},"author":3,"featured_media":9539,"parent":0,"menu_order":0,"comment_status":"closed","ping_status":"closed","template":"","meta":{"footnotes":""},"class_list":["post-5000","page","type-page","status-publish","has-post-thumbnail","hentry"],"_links":{"self":[{"href":"https:\/\/visit7wonders.com\/es\/wp-json\/wp\/v2\/pages\/5000","targetHints":{"allow":["GET"]}}],"collection":[{"href":"https:\/\/visit7wonders.com\/es\/wp-json\/wp\/v2\/pages"}],"about":[{"href":"https:\/\/visit7wonders.com\/es\/wp-json\/wp\/v2\/types\/page"}],"author":[{"embeddable":true,"href":"https:\/\/visit7wonders.com\/es\/wp-json\/wp\/v2\/users\/3"}],"replies":[{"embeddable":true,"href":"https:\/\/visit7wonders.com\/es\/wp-json\/wp\/v2\/comments?post=5000"}],"version-history":[{"count":19,"href":"https:\/\/visit7wonders.com\/es\/wp-json\/wp\/v2\/pages\/5000\/revisions"}],"predecessor-version":[{"id":10282,"href":"https:\/\/visit7wonders.com\/es\/wp-json\/wp\/v2\/pages\/5000\/revisions\/10282"}],"wp:featuredmedia":[{"embeddable":true,"href":"https:\/\/visit7wonders.com\/es\/wp-json\/wp\/v2\/media\/9539"}],"wp:attachment":[{"href":"https:\/\/visit7wonders.com\/es\/wp-json\/wp\/v2\/media?parent=5000"}],"curies":[{"name":"wp","href":"https:\/\/api.w.org\/{rel}","templated":true}]}}