{"id":5002,"date":"2015-10-05T14:04:22","date_gmt":"2015-10-05T17:04:22","guid":{"rendered":"https:\/\/visit7wonders.com\/?page_id=65"},"modified":"2025-11-05T21:35:46","modified_gmt":"2025-11-06T00:35:46","slug":"taj-mahal","status":"publish","type":"page","link":"https:\/\/visit7wonders.com\/es\/taj-mahal\/","title":{"rendered":"Taj Mahal"},"content":{"rendered":"<div style=\"display: flex; gap: 0px; padding: 20px; align-items: center\" class=\"page-custom-container\">\n<div style=\"flex: 0 0 159px; text-align:center\" class=\"left-column\">\n        <img decoding=\"async\" src=\"https:\/\/visit7wonders.com\/wp-content\/uploads\/2021\/03\/Sello-TajMahal-1-159x300.png\">\n    <\/div>\n<div style=\"flex: 1;\" class=\"right-column\">\n<p style=\"font-weight: bold; font-size: 20px; line-height:1.5;\">Este inmenso mausoleo fue construido por orden del Shah Jahan, el quinto emperador Mongol Musulm\u00e1n, para honrar la memoria de su amada y difunta esposa. Construido en m\u00e1rmol blanco y ubicado alrededor de jardines amurallados, el Taj Mahal es visto como la joya m\u00e1s perfecta del arte musulm\u00e1n en India. Se dice que luego cuando el emperador fue encarcelado, s\u00f3lo pod\u00eda ver al Taj Mahal desde su celda a trav\u00e9s de una peque\u00f1a ventana.<\/p>\n<\/p><\/div>\n<\/div>\n<div id=\"metaslider-id-10262\" style=\"width: 100%;\" class=\"ml-slider-3-108-0 metaslider metaslider-flex metaslider-10262 ml-slider ms-theme-default-base nav-hidden\" role=\"region\" aria-label=\"New Taj Mahal\" data-height=\"300\" data-width=\"700\">\n    <div id=\"metaslider_container_10262\">\n        <div id=\"metaslider_10262\">\n            <ul aria-live='off' class='slides'>\n                <li style=\"display: block; width: 100%;\" class=\"slide-10263 ms-image \" aria-roledescription=\"slide\" data-date=\"2025-11-05 21:34:55\" data-filename=\"Taj_Mahal_Agra_India-scaled.jpeg\" data-slide-type=\"image\"><img fetchpriority=\"high\" decoding=\"async\" width=\"2560\" height=\"1769\" src=\"https:\/\/visit7wonders.com\/wp-content\/uploads\/2024\/12\/Taj_Mahal_Agra_India-scaled.jpeg\" class=\"slider-10262 slide-10263 msDefaultImage\" alt=\"\" rel=\"\" title=\"Taj_Mahal,_Agra,_India\" srcset=\"https:\/\/visit7wonders.com\/wp-content\/uploads\/2024\/12\/Taj_Mahal_Agra_India-scaled.jpeg 2560w, https:\/\/visit7wonders.com\/wp-content\/uploads\/2024\/12\/Taj_Mahal_Agra_India-350x242.jpeg 350w, https:\/\/visit7wonders.com\/wp-content\/uploads\/2024\/12\/Taj_Mahal_Agra_India-1024x708.jpeg 1024w, https:\/\/visit7wonders.com\/wp-content\/uploads\/2024\/12\/Taj_Mahal_Agra_India-768x531.jpeg 768w, https:\/\/visit7wonders.com\/wp-content\/uploads\/2024\/12\/Taj_Mahal_Agra_India-1536x1062.jpeg 1536w, https:\/\/visit7wonders.com\/wp-content\/uploads\/2024\/12\/Taj_Mahal_Agra_India-2048x1415.jpeg 2048w, https:\/\/visit7wonders.com\/wp-content\/uploads\/2024\/12\/Taj_Mahal_Agra_India-24x17.jpeg 24w, https:\/\/visit7wonders.com\/wp-content\/uploads\/2024\/12\/Taj_Mahal_Agra_India-36x25.jpeg 36w, https:\/\/visit7wonders.com\/wp-content\/uploads\/2024\/12\/Taj_Mahal_Agra_India-48x33.jpeg 48w\" sizes=\"(max-width: 2560px) 100vw, 2560px\" \/><\/li>\n                <li style=\"display: none; width: 100%;\" class=\"slide-10311 ms-image \" aria-roledescription=\"slide\" data-date=\"2025-11-05 22:06:29\" data-filename=\"Taj_Mahal_Agra_India-scaled.jpeg\" data-slide-type=\"image\"><img decoding=\"async\" width=\"2560\" height=\"1769\" src=\"https:\/\/visit7wonders.com\/wp-content\/uploads\/2024\/12\/Taj_Mahal_Agra_India-scaled.jpeg\" class=\"slider-10262 slide-10311 msDefaultImage\" alt=\"\" rel=\"\" title=\"Taj_Mahal,_Agra,_India\" srcset=\"https:\/\/visit7wonders.com\/wp-content\/uploads\/2024\/12\/Taj_Mahal_Agra_India-scaled.jpeg 2560w, https:\/\/visit7wonders.com\/wp-content\/uploads\/2024\/12\/Taj_Mahal_Agra_India-350x242.jpeg 350w, https:\/\/visit7wonders.com\/wp-content\/uploads\/2024\/12\/Taj_Mahal_Agra_India-1024x708.jpeg 1024w, https:\/\/visit7wonders.com\/wp-content\/uploads\/2024\/12\/Taj_Mahal_Agra_India-768x531.jpeg 768w, https:\/\/visit7wonders.com\/wp-content\/uploads\/2024\/12\/Taj_Mahal_Agra_India-1536x1062.jpeg 1536w, https:\/\/visit7wonders.com\/wp-content\/uploads\/2024\/12\/Taj_Mahal_Agra_India-2048x1415.jpeg 2048w, https:\/\/visit7wonders.com\/wp-content\/uploads\/2024\/12\/Taj_Mahal_Agra_India-24x17.jpeg 24w, https:\/\/visit7wonders.com\/wp-content\/uploads\/2024\/12\/Taj_Mahal_Agra_India-36x25.jpeg 36w, https:\/\/visit7wonders.com\/wp-content\/uploads\/2024\/12\/Taj_Mahal_Agra_India-48x33.jpeg 48w\" sizes=\"(max-width: 2560px) 100vw, 2560px\" \/><\/li>\n                <li style=\"display: none; width: 100%;\" class=\"slide-10264 ms-image \" aria-roledescription=\"slide\" data-date=\"2025-11-05 21:35:08\" data-filename=\"Taj-Mahal1.jpeg\" data-slide-type=\"image\"><img decoding=\"async\" width=\"1880\" height=\"1249\" src=\"https:\/\/visit7wonders.com\/wp-content\/uploads\/2021\/02\/Taj-Mahal1.jpeg\" class=\"slider-10262 slide-10264 msDefaultImage\" alt=\"\" rel=\"\" title=\"Taj Mahal1\" srcset=\"https:\/\/visit7wonders.com\/wp-content\/uploads\/2021\/02\/Taj-Mahal1.jpeg 1880w, https:\/\/visit7wonders.com\/wp-content\/uploads\/2021\/02\/Taj-Mahal1-300x199.jpeg 300w, https:\/\/visit7wonders.com\/wp-content\/uploads\/2021\/02\/Taj-Mahal1-1024x680.jpeg 1024w, https:\/\/visit7wonders.com\/wp-content\/uploads\/2021\/02\/Taj-Mahal1-768x510.jpeg 768w, https:\/\/visit7wonders.com\/wp-content\/uploads\/2021\/02\/Taj-Mahal1-1536x1020.jpeg 1536w, https:\/\/visit7wonders.com\/wp-content\/uploads\/2021\/02\/Taj-Mahal1-24x16.jpeg 24w, https:\/\/visit7wonders.com\/wp-content\/uploads\/2021\/02\/Taj-Mahal1-36x24.jpeg 36w, https:\/\/visit7wonders.com\/wp-content\/uploads\/2021\/02\/Taj-Mahal1-48x32.jpeg 48w, https:\/\/visit7wonders.com\/wp-content\/uploads\/2021\/02\/Taj-Mahal1-272x182.jpeg 272w\" sizes=\"(max-width: 1880px) 100vw, 1880px\" \/><\/li>\n                <li style=\"display: none; width: 100%;\" class=\"slide-10312 ms-image \" aria-roledescription=\"slide\" data-date=\"2025-11-05 22:06:41\" data-filename=\"Taj-Mahal1.jpeg\" data-slide-type=\"image\"><img loading=\"lazy\" decoding=\"async\" width=\"1880\" height=\"1249\" src=\"https:\/\/visit7wonders.com\/wp-content\/uploads\/2021\/02\/Taj-Mahal1.jpeg\" class=\"slider-10262 slide-10312 msDefaultImage\" alt=\"\" rel=\"\" title=\"Taj Mahal1\" srcset=\"https:\/\/visit7wonders.com\/wp-content\/uploads\/2021\/02\/Taj-Mahal1.jpeg 1880w, https:\/\/visit7wonders.com\/wp-content\/uploads\/2021\/02\/Taj-Mahal1-300x199.jpeg 300w, https:\/\/visit7wonders.com\/wp-content\/uploads\/2021\/02\/Taj-Mahal1-1024x680.jpeg 1024w, https:\/\/visit7wonders.com\/wp-content\/uploads\/2021\/02\/Taj-Mahal1-768x510.jpeg 768w, https:\/\/visit7wonders.com\/wp-content\/uploads\/2021\/02\/Taj-Mahal1-1536x1020.jpeg 1536w, https:\/\/visit7wonders.com\/wp-content\/uploads\/2021\/02\/Taj-Mahal1-24x16.jpeg 24w, https:\/\/visit7wonders.com\/wp-content\/uploads\/2021\/02\/Taj-Mahal1-36x24.jpeg 36w, https:\/\/visit7wonders.com\/wp-content\/uploads\/2021\/02\/Taj-Mahal1-48x32.jpeg 48w, https:\/\/visit7wonders.com\/wp-content\/uploads\/2021\/02\/Taj-Mahal1-272x182.jpeg 272w\" sizes=\"(max-width: 1880px) 100vw, 1880px\" \/><\/li>\n                <li style=\"display: none; width: 100%;\" class=\"slide-10265 ms-image \" aria-roledescription=\"slide\" data-date=\"2025-11-05 21:35:14\" data-filename=\"taj-mahal-2.jpg\" data-slide-type=\"image\"><img loading=\"lazy\" decoding=\"async\" width=\"1024\" height=\"576\" src=\"https:\/\/visit7wonders.com\/wp-content\/uploads\/2020\/04\/taj-mahal-2.jpg\" class=\"slider-10262 slide-10265 msDefaultImage\" alt=\"\" rel=\"\" title=\"taj-mahal-2\" srcset=\"https:\/\/visit7wonders.com\/wp-content\/uploads\/2020\/04\/taj-mahal-2.jpg 1024w, https:\/\/visit7wonders.com\/wp-content\/uploads\/2020\/04\/taj-mahal-2-300x169.jpg 300w, https:\/\/visit7wonders.com\/wp-content\/uploads\/2020\/04\/taj-mahal-2-768x432.jpg 768w, https:\/\/visit7wonders.com\/wp-content\/uploads\/2020\/04\/taj-mahal-2-24x14.jpg 24w, https:\/\/visit7wonders.com\/wp-content\/uploads\/2020\/04\/taj-mahal-2-36x20.jpg 36w, https:\/\/visit7wonders.com\/wp-content\/uploads\/2020\/04\/taj-mahal-2-48x27.jpg 48w\" sizes=\"(max-width: 1024px) 100vw, 1024px\" \/><\/li>\n                <li style=\"display: none; width: 100%;\" class=\"slide-10313 ms-image \" aria-roledescription=\"slide\" data-date=\"2025-11-05 22:06:45\" data-filename=\"taj-mahal-2.jpg\" data-slide-type=\"image\"><img loading=\"lazy\" decoding=\"async\" width=\"1024\" height=\"576\" src=\"https:\/\/visit7wonders.com\/wp-content\/uploads\/2020\/04\/taj-mahal-2.jpg\" class=\"slider-10262 slide-10313 msDefaultImage\" alt=\"\" rel=\"\" title=\"taj-mahal-2\" srcset=\"https:\/\/visit7wonders.com\/wp-content\/uploads\/2020\/04\/taj-mahal-2.jpg 1024w, https:\/\/visit7wonders.com\/wp-content\/uploads\/2020\/04\/taj-mahal-2-300x169.jpg 300w, https:\/\/visit7wonders.com\/wp-content\/uploads\/2020\/04\/taj-mahal-2-768x432.jpg 768w, https:\/\/visit7wonders.com\/wp-content\/uploads\/2020\/04\/taj-mahal-2-24x14.jpg 24w, https:\/\/visit7wonders.com\/wp-content\/uploads\/2020\/04\/taj-mahal-2-36x20.jpg 36w, https:\/\/visit7wonders.com\/wp-content\/uploads\/2020\/04\/taj-mahal-2-48x27.jpg 48w\" sizes=\"(max-width: 1024px) 100vw, 1024px\" \/><\/li>\n            <\/ul>\n        <\/div>\n        \n    <\/div>\n<\/div>\n","protected":false},"excerpt":{"rendered":"<p>Este inmenso mausoleo fue construido por orden del Shah Jahan, el quinto emperador Mongol Musulm\u00e1n, para honrar la memoria de su amada y difunta esposa.&hellip;<\/p>\n","protected":false},"author":3,"featured_media":9056,"parent":0,"menu_order":0,"comment_status":"closed","ping_status":"closed","template":"","meta":{"footnotes":""},"class_list":["post-5002","page","type-page","status-publish","has-post-thumbnail","hentry"],"_links":{"self":[{"href":"https:\/\/visit7wonders.com\/es\/wp-json\/wp\/v2\/pages\/5002","targetHints":{"allow":["GET"]}}],"collection":[{"href":"https:\/\/visit7wonders.com\/es\/wp-json\/wp\/v2\/pages"}],"about":[{"href":"https:\/\/visit7wonders.com\/es\/wp-json\/wp\/v2\/types\/page"}],"author":[{"embeddable":true,"href":"https:\/\/visit7wonders.com\/es\/wp-json\/wp\/v2\/users\/3"}],"replies":[{"embeddable":true,"href":"https:\/\/visit7wonders.com\/es\/wp-json\/wp\/v2\/comments?post=5002"}],"version-history":[{"count":15,"href":"https:\/\/visit7wonders.com\/es\/wp-json\/wp\/v2\/pages\/5002\/revisions"}],"predecessor-version":[{"id":10267,"href":"https:\/\/visit7wonders.com\/es\/wp-json\/wp\/v2\/pages\/5002\/revisions\/10267"}],"wp:featuredmedia":[{"embeddable":true,"href":"https:\/\/visit7wonders.com\/es\/wp-json\/wp\/v2\/media\/9056"}],"wp:attachment":[{"href":"https:\/\/visit7wonders.com\/es\/wp-json\/wp\/v2\/media?parent=5002"}],"curies":[{"name":"wp","href":"https:\/\/api.w.org\/{rel}","templated":true}]}}